{"id":1014,"date":"2020-03-08T22:29:07","date_gmt":"2020-03-08T22:29:07","guid":{"rendered":"https:\/\/elsade.com\/elsade\/es\/?page_id=1014"},"modified":"2025-05-20T18:49:55","modified_gmt":"2025-05-20T18:49:55","slug":"curso-manipulador-puente-grua","status":"publish","type":"page","link":"https:\/\/elsade.com\/es\/curso-manipulador-puente-grua\/","title":{"rendered":"Curso Manipulador de puente gr\u00faa"},"content":{"rendered":"<div id=\"pl-1014\"  class=\"panel-layout\" ><div id=\"pg-1014-0\"  class=\"panel-grid panel-no-style\" ><div id=\"pgc-1014-0-0\"  class=\"panel-grid-cell\" ><div id=\"panel-1014-0-0-0\" class=\"so-panel widget widget_text panel-first-child panel-last-child\" data-index=\"0\" ><div class=\"panel-widget-style panel-widget-style-for-1014-0-0-0\" >\t\t\t<div class=\"textwidget\"><p style=\"text-align: center; font-size: 28px; line-height: 29px;\"><strong>Curso Manipulador de puente gr\u00faa:<\/strong><\/p>\n<p>&nbsp;<\/p>\n<\/div>\n\t\t<\/div><\/div><\/div><\/div><div id=\"pg-1014-1\"  class=\"panel-grid panel-no-style\" ><div id=\"pgc-1014-1-0\"  class=\"panel-grid-cell panel-grid-cell-empty\" ><\/div><div id=\"pgc-1014-1-1\"  class=\"panel-grid-cell panel-grid-cell-mobile-last\" ><div id=\"panel-1014-1-1-0\" class=\"so-panel widget widget_text panel-first-child\" data-index=\"1\" ><div class=\"panel-widget-style panel-widget-style-for-1014-1-1-0\" >\t\t\t<div class=\"textwidget\"><div class=\"su-row\">\n<div class=\"su-column su-column-size-1-1 su-column-centered\">\n<div class=\"su-column-inner su-u-clearfix su-u-trim\">\n<table border=\"0\" cellspacing=\"0\" cellpadding=\"0\">\n<tbody>\n<tr>\n<td>\n<p align=\"center\"><img loading=\"lazy\" decoding=\"async\" class=\"aligncenter wp-image-605\" src=\"http:\/\/msf.com.es\/es\/wp-content\/uploads\/sites\/2\/2019\/11\/grua2.png\" alt=\"\" width=\"248\" height=\"200\" \/><\/p>\n<\/td>\n<\/tr>\n<tr>\n<td>\n<p align=\"center\">\n<div class=\"su-spoiler su-spoiler-style-fancy su-spoiler-icon-plus su-spoiler-closed\" data-anchor=\"GRUA\" data-scroll-offset=\"0\" data-anchor-in-url=\"no\">\n<div class=\"su-spoiler-title\" tabindex=\"0\" role=\"button\"><span class=\"su-spoiler-icon\"><\/span>PROFESIONAL<br \/>\nVER CONTENIDO &gt;&gt;<\/div>\n<div class=\"su-spoiler-content su-u-clearfix su-u-trim\">\n<table border=\"1\" cellspacing=\"0\" cellpadding=\"0\">\n<tbody>\n<tr>\n<td>\n<p align=\"center\"><strong>CARACTER\u00cdSTICAS<\/strong><\/p>\n<p align=\"center\">Teor\u00eda b\u00e1sica<br \/>\nPr\u00e1ctica b\u00e1sica<\/p>\n<\/td>\n<\/tr>\n<\/tbody>\n<\/table>\n<table border=\"1\" cellspacing=\"0\" cellpadding=\"0\">\n<tbody>\n<tr>\n<td>\n<p align=\"center\"><strong>CONTENIDO<\/strong><\/p>\n<p><strong> Teor\u00eda 25% del tiempo<\/strong><\/p>\n<ul>\n<li>&#8211; La puesta en obra y la puesta fuera<br \/>\nde servicio<\/li>\n<li>&#8211; La utilizaci\u00f3n de los aparatos de<br \/>\nelevaci\u00f3n y las normas de<br \/>\nseguridad<\/li>\n<li>&#8211; La manipulaci\u00f3n de materiales<\/li>\n<li>&#8211; Los controles, mantenimientos y<br \/>\naver\u00edas<\/li>\n<\/ul>\n<p><strong>Pr\u00e1ctica 75% del tiempo<\/strong><\/p>\n<ul>\n<li>&#8211; Ejercicios de manipulaci\u00f3n<br \/>\n(elevaci\u00f3n y posado de cargas)<\/li>\n<li>&#8211; Ejercicios de utilizaci\u00f3n (controles)<\/li>\n<li>&#8211; Ejercicios de mantenimiento y<br \/>\nsituaciones de emergencia<\/li>\n<\/ul>\n<\/td>\n<\/tr>\n<\/tbody>\n<\/table>\n<table border=\"1\" cellspacing=\"0\" cellpadding=\"0\">\n<tbody>\n<tr>\n<td width=\"321\">\n<p align=\"center\"><strong>QUE OBTENDR\u00c1S AL ACABAR?<\/strong><\/p>\n<p align=\"center\">Certificado en cumplimiento del RD. 1215<\/p>\n<p align=\"center\">Carnet Personalizado<\/p>\n<\/td>\n<\/tr>\n<\/tbody>\n<\/table>\n<div class=\"su-button-center\"><a href=\"\/es\/solicitar-informacion-curso-manipulador-puente-grua\/\" class=\"su-button su-button-style-glass\" style=\"color:#FFFFFF;background-color:#e52b2c;border-color:#b82324;border-radius:40px\" target=\"_blank\" rel=\"noopener noreferrer\"><span style=\"color:#FFFFFF;padding:7px 20px;font-size:16px;line-height:24px;border-color:#ed6b6c;border-radius:40px;text-shadow:none\"><i class=\"sui sui-angle-double-right\" style=\"font-size:16px;color:#FFFFFF\"><\/i> QUIERO INSCRIBIRME<\/span><\/a><\/div>\n<\/div>\n<\/div>\n<\/td>\n<\/tr>\n<\/tbody>\n<\/table>\n<\/div>\n<\/div>\n<\/div>\n<\/div>\n\t\t<\/div><\/div><div id=\"panel-1014-1-1-1\" class=\"so-panel widget widget_text panel-last-child\" data-index=\"2\" ><div class=\"panel-widget-style panel-widget-style-for-1014-1-1-1\" >\t\t\t<div class=\"textwidget\"><h1 style=\"text-align: center;\"><strong>\u00bfQuieres que te llamemos?<\/strong><\/h1>\n<\/div>\n\t\t<\/div><\/div><\/div><div id=\"pgc-1014-1-2\"  class=\"panel-grid-cell panel-grid-cell-empty\" ><\/div><\/div><div id=\"pg-1014-2\"  class=\"panel-grid panel-has-style\" ><div class=\"panel-row-style panel-row-style-for-1014-2\" ><div id=\"pgc-1014-2-0\"  class=\"panel-grid-cell\" ><div id=\"panel-1014-2-0-0\" class=\"so-panel widget panel-first-child panel-last-child\" data-index=\"3\" ><\/div><\/div><div id=\"pgc-1014-2-1\"  class=\"panel-grid-cell\" ><div id=\"panel-1014-2-1-0\" class=\"so-panel widget panel-first-child panel-last-child\" data-index=\"4\" ><\/div><\/div><div id=\"pgc-1014-2-2\"  class=\"panel-grid-cell\" ><div id=\"panel-1014-2-2-0\" class=\"so-panel widget panel-first-child panel-last-child\" data-index=\"5\" ><\/div><\/div><\/div><\/div><div id=\"pg-1014-3\"  class=\"panel-grid panel-no-style\" ><div id=\"pgc-1014-3-0\"  class=\"panel-grid-cell\" ><div id=\"panel-1014-3-0-0\" class=\"so-panel widget panel-first-child panel-last-child\" data-index=\"6\" ><\/div><\/div><\/div><\/div>","protected":false},"excerpt":{"rendered":"<p>Curso Manipulador de puente gr\u00faa: &nbsp; \u00bfQuieres que te llamemos?<\/p>\n","protected":false},"author":1,"featured_media":0,"parent":0,"menu_order":0,"comment_status":"closed","ping_status":"closed","template":"templates\/template-full.php","meta":{"_mc_calendar":[],"footnotes":""},"class_list":["post-1014","page","type-page","status-publish","hentry","post"],"yoast_head":"<!-- This site is optimized with the Yoast SEO plugin v26.9 - https:\/\/yoast.com\/product\/yoast-seo-wordpress\/ -->\n<title>Curso Manipulador de puente gr\u00faa - ELSADE MANUTENCI\u00d3<\/title>\n<meta name=\"robots\" content=\"index, follow, max-snippet:-1, max-image-preview:large, max-video-preview:-1\" \/>\n<link rel=\"canonical\" href=\"https:\/\/elsade.com\/es\/curso-manipulador-puente-grua\/\" \/>\n<meta property=\"og:locale\" content=\"es_ES\" \/>\n<meta property=\"og:type\" content=\"article\" \/>\n<meta property=\"og:title\" content=\"Curso Manipulador de puente gr\u00faa - ELSADE MANUTENCI\u00d3\" \/>\n<meta property=\"og:description\" content=\"Curso Manipulador de puente gr\u00faa: &nbsp; \u00bfQuieres que te llamemos?\" \/>\n<meta property=\"og:url\" content=\"https:\/\/elsade.com\/es\/curso-manipulador-puente-grua\/\" \/>\n<meta property=\"og:site_name\" content=\"ELSADE MANUTENCI\u00d3\" \/>\n<meta property=\"article:modified_time\" content=\"2025-05-20T18:49:55+00:00\" \/>\n<meta property=\"og:image\" content=\"https:\/\/elsade.com\/es\/wp-content\/uploads\/sites\/2\/2019\/11\/grua2.png\" \/>\n\t<meta property=\"og:image:width\" content=\"300\" \/>\n\t<meta property=\"og:image:height\" content=\"242\" \/>\n\t<meta property=\"og:image:type\" content=\"image\/png\" \/>\n<meta name=\"twitter:card\" content=\"summary_large_image\" \/>\n<meta name=\"twitter:label1\" content=\"Tiempo de lectura\" \/>\n\t<meta name=\"twitter:data1\" content=\"1 minuto\" \/>\n<script type=\"application\/ld+json\" class=\"yoast-schema-graph\">{\"@context\":\"https:\/\/schema.org\",\"@graph\":[{\"@type\":\"WebPage\",\"@id\":\"https:\/\/elsade.com\/es\/curso-manipulador-puente-grua\/\",\"url\":\"https:\/\/elsade.com\/es\/curso-manipulador-puente-grua\/\",\"name\":\"Curso Manipulador de puente gr\u00faa - ELSADE MANUTENCI\u00d3\",\"isPartOf\":{\"@id\":\"https:\/\/elsade.com\/es\/#website\"},\"primaryImageOfPage\":{\"@id\":\"https:\/\/elsade.com\/es\/curso-manipulador-puente-grua\/#primaryimage\"},\"image\":{\"@id\":\"https:\/\/elsade.com\/es\/curso-manipulador-puente-grua\/#primaryimage\"},\"thumbnailUrl\":\"http:\/\/msf.com.es\/es\/wp-content\/uploads\/sites\/2\/2019\/11\/grua2.png\",\"datePublished\":\"2020-03-08T22:29:07+00:00\",\"dateModified\":\"2025-05-20T18:49:55+00:00\",\"breadcrumb\":{\"@id\":\"https:\/\/elsade.com\/es\/curso-manipulador-puente-grua\/#breadcrumb\"},\"inLanguage\":\"es\",\"potentialAction\":[{\"@type\":\"ReadAction\",\"target\":[\"https:\/\/elsade.com\/es\/curso-manipulador-puente-grua\/\"]}]},{\"@type\":\"ImageObject\",\"inLanguage\":\"es\",\"@id\":\"https:\/\/elsade.com\/es\/curso-manipulador-puente-grua\/#primaryimage\",\"url\":\"http:\/\/msf.com.es\/es\/wp-content\/uploads\/sites\/2\/2019\/11\/grua2.png\",\"contentUrl\":\"http:\/\/msf.com.es\/es\/wp-content\/uploads\/sites\/2\/2019\/11\/grua2.png\"},{\"@type\":\"BreadcrumbList\",\"@id\":\"https:\/\/elsade.com\/es\/curso-manipulador-puente-grua\/#breadcrumb\",\"itemListElement\":[{\"@type\":\"ListItem\",\"position\":1,\"name\":\"Portada\",\"item\":\"https:\/\/elsade.com\/es\/\"},{\"@type\":\"ListItem\",\"position\":2,\"name\":\"Curso Manipulador de puente gr\u00faa\"}]},{\"@type\":\"WebSite\",\"@id\":\"https:\/\/elsade.com\/es\/#website\",\"url\":\"https:\/\/elsade.com\/es\/\",\"name\":\"ELSADE MANUTENCI\u00d3\",\"description\":\"Formaci\u00f3n, cursos \",\"potentialAction\":[{\"@type\":\"SearchAction\",\"target\":{\"@type\":\"EntryPoint\",\"urlTemplate\":\"https:\/\/elsade.com\/es\/?s={search_term_string}\"},\"query-input\":{\"@type\":\"PropertyValueSpecification\",\"valueRequired\":true,\"valueName\":\"search_term_string\"}}],\"inLanguage\":\"es\"}]}<\/script>\n<!-- \/ Yoast SEO plugin. -->","yoast_head_json":{"title":"Curso Manipulador de puente gr\u00faa - ELSADE MANUTENCI\u00d3","robots":{"index":"index","follow":"follow","max-snippet":"max-snippet:-1","max-image-preview":"max-image-preview:large","max-video-preview":"max-video-preview:-1"},"canonical":"https:\/\/elsade.com\/es\/curso-manipulador-puente-grua\/","og_locale":"es_ES","og_type":"article","og_title":"Curso Manipulador de puente gr\u00faa - ELSADE MANUTENCI\u00d3","og_description":"Curso Manipulador de puente gr\u00faa: &nbsp; \u00bfQuieres que te llamemos?","og_url":"https:\/\/elsade.com\/es\/curso-manipulador-puente-grua\/","og_site_name":"ELSADE MANUTENCI\u00d3","article_modified_time":"2025-05-20T18:49:55+00:00","og_image":[{"width":300,"height":242,"url":"https:\/\/elsade.com\/es\/wp-content\/uploads\/sites\/2\/2019\/11\/grua2.png","type":"image\/png"}],"twitter_card":"summary_large_image","twitter_misc":{"Tiempo de lectura":"1 minuto"},"schema":{"@context":"https:\/\/schema.org","@graph":[{"@type":"WebPage","@id":"https:\/\/elsade.com\/es\/curso-manipulador-puente-grua\/","url":"https:\/\/elsade.com\/es\/curso-manipulador-puente-grua\/","name":"Curso Manipulador de puente gr\u00faa - ELSADE MANUTENCI\u00d3","isPartOf":{"@id":"https:\/\/elsade.com\/es\/#website"},"primaryImageOfPage":{"@id":"https:\/\/elsade.com\/es\/curso-manipulador-puente-grua\/#primaryimage"},"image":{"@id":"https:\/\/elsade.com\/es\/curso-manipulador-puente-grua\/#primaryimage"},"thumbnailUrl":"http:\/\/msf.com.es\/es\/wp-content\/uploads\/sites\/2\/2019\/11\/grua2.png","datePublished":"2020-03-08T22:29:07+00:00","dateModified":"2025-05-20T18:49:55+00:00","breadcrumb":{"@id":"https:\/\/elsade.com\/es\/curso-manipulador-puente-grua\/#breadcrumb"},"inLanguage":"es","potentialAction":[{"@type":"ReadAction","target":["https:\/\/elsade.com\/es\/curso-manipulador-puente-grua\/"]}]},{"@type":"ImageObject","inLanguage":"es","@id":"https:\/\/elsade.com\/es\/curso-manipulador-puente-grua\/#primaryimage","url":"http:\/\/msf.com.es\/es\/wp-content\/uploads\/sites\/2\/2019\/11\/grua2.png","contentUrl":"http:\/\/msf.com.es\/es\/wp-content\/uploads\/sites\/2\/2019\/11\/grua2.png"},{"@type":"BreadcrumbList","@id":"https:\/\/elsade.com\/es\/curso-manipulador-puente-grua\/#breadcrumb","itemListElement":[{"@type":"ListItem","position":1,"name":"Portada","item":"https:\/\/elsade.com\/es\/"},{"@type":"ListItem","position":2,"name":"Curso Manipulador de puente gr\u00faa"}]},{"@type":"WebSite","@id":"https:\/\/elsade.com\/es\/#website","url":"https:\/\/elsade.com\/es\/","name":"ELSADE MANUTENCI\u00d3","description":"Formaci\u00f3n, cursos ","potentialAction":[{"@type":"SearchAction","target":{"@type":"EntryPoint","urlTemplate":"https:\/\/elsade.com\/es\/?s={search_term_string}"},"query-input":{"@type":"PropertyValueSpecification","valueRequired":true,"valueName":"search_term_string"}}],"inLanguage":"es"}]}},"_links":{"self":[{"href":"https:\/\/elsade.com\/es\/wp-json\/wp\/v2\/pages\/1014","targetHints":{"allow":["GET"]}}],"collection":[{"href":"https:\/\/elsade.com\/es\/wp-json\/wp\/v2\/pages"}],"about":[{"href":"https:\/\/elsade.com\/es\/wp-json\/wp\/v2\/types\/page"}],"author":[{"embeddable":true,"href":"https:\/\/elsade.com\/es\/wp-json\/wp\/v2\/users\/1"}],"replies":[{"embeddable":true,"href":"https:\/\/elsade.com\/es\/wp-json\/wp\/v2\/comments?post=1014"}],"version-history":[{"count":35,"href":"https:\/\/elsade.com\/es\/wp-json\/wp\/v2\/pages\/1014\/revisions"}],"predecessor-version":[{"id":1616,"href":"https:\/\/elsade.com\/es\/wp-json\/wp\/v2\/pages\/1014\/revisions\/1616"}],"wp:attachment":[{"href":"https:\/\/elsade.com\/es\/wp-json\/wp\/v2\/media?parent=1014"}],"curies":[{"name":"wp","href":"https:\/\/api.w.org\/{rel}","templated":true}]}}