{"id":1182,"date":"2021-01-22T10:10:42","date_gmt":"2021-01-22T10:10:42","guid":{"rendered":"https:\/\/elsade.com\/elsade\/es\/?page_id=1182"},"modified":"2025-05-20T15:03:52","modified_gmt":"2025-05-20T15:03:52","slug":"curso-de-picker","status":"publish","type":"page","link":"https:\/\/elsade.com\/es\/curso-de-picker\/","title":{"rendered":"Curso de picker"},"content":{"rendered":"<div id=\"pl-1182\"  class=\"panel-layout\" ><div id=\"pg-1182-0\"  class=\"panel-grid panel-no-style\" ><div id=\"pgc-1182-0-0\"  class=\"panel-grid-cell panel-grid-cell-empty\" ><\/div><div id=\"pgc-1182-0-1\"  class=\"panel-grid-cell panel-grid-cell-mobile-last\" ><div id=\"panel-1182-0-1-0\" class=\"so-panel widget widget_media_image panel-first-child\" data-index=\"0\" ><img loading=\"lazy\" decoding=\"async\" width=\"769\" height=\"80\" src=\"https:\/\/elsade.com\/es\/wp-content\/uploads\/sites\/2\/2025\/05\/titulo_nous_cast-1.png\" class=\"image wp-image-1550  attachment-full size-full\" alt=\"\" style=\"max-width: 100%; height: auto;\" srcset=\"https:\/\/elsade.com\/es\/wp-content\/uploads\/sites\/2\/2025\/05\/titulo_nous_cast-1.png 769w, https:\/\/elsade.com\/es\/wp-content\/uploads\/sites\/2\/2025\/05\/titulo_nous_cast-1-300x31.png 300w\" sizes=\"auto, (max-width: 769px) 100vw, 769px\" \/><\/div><div id=\"panel-1182-0-1-1\" class=\"so-panel widget widget_text\" data-index=\"1\" >\t\t\t<div class=\"textwidget\"><p style=\"text-left: center; font-size: 28px; line-height: 29px;\"><strong>Curso de Picker<\/strong><\/p>\n<\/div>\n\t\t<\/div><div id=\"panel-1182-0-1-2\" class=\"so-panel widget widget_text\" data-index=\"2\" >\t\t\t<div class=\"textwidget\"><p>&#8211; Qu\u00e9 es el \u201cPicking\u201d<br \/>\n&#8211; Tipos y caracter\u00edsticas del Picking<br \/>\n&#8211; C\u00f3mo hacer un Picking m\u00e1s eficiente<br \/>\n&#8211; Errores frecuentes en el picking<br \/>\n&#8211; Radiofrecuencia<br \/>\n&#8211; Pr\u00e1cticas con Recogepedidos<\/p>\n<p>&nbsp;<\/p>\n<p><strong>Duraci\u00f3n del curso:<\/strong> 4,5h. (3h de teor\u00eda + 1,5h de pr\u00e1cticas\/por alumno)<\/p>\n<p><strong>Calendario:<\/strong> Consultar d\u00edas. Te\u00f3rica: dos horarios, ma\u00f1ana de 9:00h a 12:00h o tarde<br \/>\nde 16:00h a 19:00h; A escoger por el alumno.<\/p>\n<p><strong>Pr\u00e1cticas:<\/strong> Mi\u00e9rcoles 24, en los mismos horarios que la te\u00f3rica, a escoger por el alumno.<\/p>\n<p>&nbsp;<\/p>\n<p><strong>Coste:<\/strong> 79\u20ac \/ alumno<br \/>\nM\u00e1ximo 8 alumnos<\/p>\n<p>&nbsp;<\/p>\n<\/div>\n\t\t<\/div><div id=\"panel-1182-0-1-3\" class=\"so-panel widget widget_text panel-last-child\" data-index=\"3\" >\t\t\t<div class=\"textwidget\"><div class=\"su-row\">\n<div class=\"su-column su-column-size-1-1\">\n<div class=\"su-column-inner su-u-clearfix su-u-trim\"><a href=\"\/es\/solicitar-informacion-cursos-intralogistica\/\" class=\"su-button su-button-style-glass\" style=\"color:#FFFFFF;background-color:#e52b2c;border-color:#b82324;border-radius:40px\" target=\"_self\"><span style=\"color:#FFFFFF;padding:7px 20px;font-size:16px;line-height:24px;border-color:#ed6b6c;border-radius:40px;text-shadow:none\"><i class=\"sui sui-angle-double-right\" style=\"font-size:16px;color:#FFFFFF\"><\/i> QUIERO INSCRIBIRME<\/span><\/a><\/div>\n<\/div>\n<\/div>\n<div class=\"su-row\">\n<div class=\"su-column su-column-size-1-1\">\n<div class=\"su-column-inner su-u-clearfix su-u-trim\"><a href=\"\/es\/calendario-de-cursos\/\" class=\"su-button su-button-style-glass\" style=\"color:#FFFFFF;background-color:#e52b2c;border-color:#b82324;border-radius:40px\" target=\"_self\"><span style=\"color:#FFFFFF;padding:7px 20px;font-size:16px;line-height:24px;border-color:#ed6b6c;border-radius:40px;text-shadow:none\"><i class=\"sui sui-angle-double-right\" style=\"font-size:16px;color:#FFFFFF\"><\/i> VER CALENDARIO<\/span><\/a><\/div>\n<\/div>\n<\/div>\n<\/div>\n\t\t<\/div><\/div><div id=\"pgc-1182-0-2\"  class=\"panel-grid-cell panel-grid-cell-empty\" ><\/div><\/div><div id=\"pg-1182-1\"  class=\"panel-grid panel-no-style\" ><div id=\"pgc-1182-1-0\"  class=\"panel-grid-cell panel-grid-cell-empty\" ><\/div><div id=\"pgc-1182-1-1\"  class=\"panel-grid-cell panel-grid-cell-mobile-last\" ><div id=\"panel-1182-1-1-0\" class=\"so-panel widget widget_media_image panel-first-child panel-last-child\" data-index=\"4\" ><a href=\"\/es\/solicitar-informacion-cursos-intralogistica\/\"><img loading=\"lazy\" decoding=\"async\" width=\"769\" height=\"226\" src=\"https:\/\/elsade.com\/es\/wp-content\/uploads\/sites\/2\/2025\/05\/pie-1.png\" class=\"image wp-image-1555  attachment-full size-full\" alt=\"\" style=\"max-width: 100%; height: auto;\" srcset=\"https:\/\/elsade.com\/es\/wp-content\/uploads\/sites\/2\/2025\/05\/pie-1.png 769w, https:\/\/elsade.com\/es\/wp-content\/uploads\/sites\/2\/2025\/05\/pie-1-300x88.png 300w\" sizes=\"auto, (max-width: 769px) 100vw, 769px\" \/><\/a><\/div><\/div><div id=\"pgc-1182-1-2\"  class=\"panel-grid-cell panel-grid-cell-empty\" ><\/div><\/div><div id=\"pg-1182-2\"  class=\"panel-grid panel-no-style\" ><div id=\"pgc-1182-2-0\"  class=\"panel-grid-cell\" ><div id=\"panel-1182-2-0-0\" class=\"so-panel widget widget_text panel-first-child panel-last-child\" data-index=\"5\" ><div class=\"panel-widget-style panel-widget-style-for-1182-2-0-0\" >\t\t\t<div class=\"textwidget\"><h1 style=\"text-align: center;\"><strong>Otros cursos relacionados<\/strong><\/h1>\n<\/div>\n\t\t<\/div><\/div><\/div><\/div><div id=\"pg-1182-3\"  class=\"panel-grid panel-has-style\" ><div class=\"panel-row-style panel-row-style-for-1182-3\" ><div id=\"pgc-1182-3-0\"  class=\"panel-grid-cell\" ><div id=\"panel-1182-3-0-0\" class=\"so-panel widget widget_sow-button panel-first-child panel-last-child\" data-index=\"6\" ><div\n\t\t\t\n\t\t\tclass=\"so-widget-sow-button so-widget-sow-button-atom-58791afb5c63-1182\"\n\t\t\t\n\t\t><div class=\"ow-button-base ow-button-align-center\"\n>\n\t\t\t<a\n\t\t\t\t\thref=\"\/es\/jefe-equipo-almacen-team-leader\/\"\n\t\t\t\t\tclass=\"sowb-button ow-icon-placement-left ow-button-hover\" \t>\n\t\t<span>\n\t\t\t\n\t\t\tJefe de equipo de almac\u00e9n \t\t<\/span>\n\t\t\t<\/a>\n\t<\/div>\n<\/div><\/div><\/div><div id=\"pgc-1182-3-1\"  class=\"panel-grid-cell\" ><div id=\"panel-1182-3-1-0\" class=\"so-panel widget widget_sow-button panel-first-child panel-last-child\" data-index=\"7\" ><div\n\t\t\t\n\t\t\tclass=\"so-widget-sow-button so-widget-sow-button-atom-58791afb5c63-1182\"\n\t\t\t\n\t\t><div class=\"ow-button-base ow-button-align-center\"\n>\n\t\t\t<a\n\t\t\t\t\thref=\"\/es\/tecnico-gestion-almacen\/\"\n\t\t\t\t\tclass=\"sowb-button ow-icon-placement-left ow-button-hover\" \t>\n\t\t<span>\n\t\t\t\n\t\t\tT\u00e9cnico de gesti\u00f3n de almac\u00e9n\t\t<\/span>\n\t\t\t<\/a>\n\t<\/div>\n<\/div><\/div><\/div><div id=\"pgc-1182-3-2\"  class=\"panel-grid-cell\" ><div id=\"panel-1182-3-2-0\" class=\"so-panel widget widget_sow-button panel-first-child panel-last-child\" data-index=\"8\" ><div\n\t\t\t\n\t\t\tclass=\"so-widget-sow-button so-widget-sow-button-atom-58791afb5c63-1182\"\n\t\t\t\n\t\t><div class=\"ow-button-base ow-button-align-center\"\n>\n\t\t\t<a\n\t\t\t\t\thref=\"\/es\/organizacion-eficiente-almacenes\/\"\n\t\t\t\t\tclass=\"sowb-button ow-icon-placement-left ow-button-hover\" \t>\n\t\t<span>\n\t\t\t\n\t\t\tOrganizaci\u00f3n eficiente de almacenes\t\t<\/span>\n\t\t\t<\/a>\n\t<\/div>\n<\/div><\/div><\/div><\/div><\/div><div id=\"pg-1182-4\"  class=\"panel-grid panel-no-style\" ><div id=\"pgc-1182-4-0\"  class=\"panel-grid-cell\" ><div id=\"panel-1182-4-0-0\" class=\"so-panel widget panel-first-child panel-last-child\" data-index=\"9\" ><\/div><\/div><\/div><\/div>","protected":false},"excerpt":{"rendered":"<p>Curso de Picker &#8211; Qu\u00e9 es el \u201cPicking\u201d &#8211; Tipos y caracter\u00edsticas del Picking &#8211; C\u00f3mo hacer un Picking m\u00e1s eficiente &#8211; Errores frecuentes en el picking &#8211; Radiofrecuencia &#8211; Pr\u00e1cticas con Recogepedidos &nbsp; Duraci\u00f3n del curso: 4,5h. (3h de teor\u00eda + 1,5h de pr\u00e1cticas\/por alumno) Calendario: Consultar d\u00edas. Te\u00f3rica: dos horarios, ma\u00f1ana de 9:00h [&hellip;]<\/p>\n","protected":false},"author":3,"featured_media":0,"parent":0,"menu_order":0,"comment_status":"closed","ping_status":"closed","template":"templates\/template-full-notitle.php","meta":{"_mc_calendar":[],"footnotes":""},"class_list":["post-1182","page","type-page","status-publish","hentry","post"],"yoast_head":"<!-- This site is optimized with the Yoast SEO plugin v26.9 - https:\/\/yoast.com\/product\/yoast-seo-wordpress\/ -->\n<title>Curso de picker - ELSADE MANUTENCI\u00d3<\/title>\n<meta name=\"robots\" content=\"index, follow, max-snippet:-1, max-image-preview:large, max-video-preview:-1\" \/>\n<link rel=\"canonical\" href=\"https:\/\/elsade.com\/es\/curso-de-picker\/\" \/>\n<meta property=\"og:locale\" content=\"es_ES\" \/>\n<meta property=\"og:type\" content=\"article\" \/>\n<meta property=\"og:title\" content=\"Curso de picker - ELSADE MANUTENCI\u00d3\" \/>\n<meta property=\"og:description\" content=\"Curso de Picker - Qu\u00e9 es el \u201cPicking\u201d - Tipos y caracter\u00edsticas del Picking - C\u00f3mo hacer un Picking m\u00e1s eficiente - Errores frecuentes en el picking - Radiofrecuencia - Pr\u00e1cticas con Recogepedidos &nbsp; Duraci\u00f3n del curso: 4,5h. (3h de teor\u00eda + 1,5h de pr\u00e1cticas\/por alumno) Calendario: Consultar d\u00edas. Te\u00f3rica: dos horarios, ma\u00f1ana de 9:00h [&hellip;]\" \/>\n<meta property=\"og:url\" content=\"https:\/\/elsade.com\/es\/curso-de-picker\/\" \/>\n<meta property=\"og:site_name\" content=\"ELSADE MANUTENCI\u00d3\" \/>\n<meta property=\"article:modified_time\" content=\"2025-05-20T15:03:52+00:00\" \/>\n<meta name=\"twitter:card\" content=\"summary_large_image\" \/>\n<meta name=\"twitter:label1\" content=\"Tiempo de lectura\" \/>\n\t<meta name=\"twitter:data1\" content=\"1 minuto\" \/>\n<script type=\"application\/ld+json\" class=\"yoast-schema-graph\">{\"@context\":\"https:\/\/schema.org\",\"@graph\":[{\"@type\":\"WebPage\",\"@id\":\"https:\/\/elsade.com\/es\/curso-de-picker\/\",\"url\":\"https:\/\/elsade.com\/es\/curso-de-picker\/\",\"name\":\"Curso de picker - ELSADE MANUTENCI\u00d3\",\"isPartOf\":{\"@id\":\"https:\/\/elsade.com\/es\/#website\"},\"datePublished\":\"2021-01-22T10:10:42+00:00\",\"dateModified\":\"2025-05-20T15:03:52+00:00\",\"breadcrumb\":{\"@id\":\"https:\/\/elsade.com\/es\/curso-de-picker\/#breadcrumb\"},\"inLanguage\":\"es\",\"potentialAction\":[{\"@type\":\"ReadAction\",\"target\":[\"https:\/\/elsade.com\/es\/curso-de-picker\/\"]}]},{\"@type\":\"BreadcrumbList\",\"@id\":\"https:\/\/elsade.com\/es\/curso-de-picker\/#breadcrumb\",\"itemListElement\":[{\"@type\":\"ListItem\",\"position\":1,\"name\":\"Portada\",\"item\":\"https:\/\/elsade.com\/es\/\"},{\"@type\":\"ListItem\",\"position\":2,\"name\":\"Curso de picker\"}]},{\"@type\":\"WebSite\",\"@id\":\"https:\/\/elsade.com\/es\/#website\",\"url\":\"https:\/\/elsade.com\/es\/\",\"name\":\"ELSADE MANUTENCI\u00d3\",\"description\":\"Formaci\u00f3n, cursos \",\"potentialAction\":[{\"@type\":\"SearchAction\",\"target\":{\"@type\":\"EntryPoint\",\"urlTemplate\":\"https:\/\/elsade.com\/es\/?s={search_term_string}\"},\"query-input\":{\"@type\":\"PropertyValueSpecification\",\"valueRequired\":true,\"valueName\":\"search_term_string\"}}],\"inLanguage\":\"es\"}]}<\/script>\n<!-- \/ Yoast SEO plugin. -->","yoast_head_json":{"title":"Curso de picker - ELSADE MANUTENCI\u00d3","robots":{"index":"index","follow":"follow","max-snippet":"max-snippet:-1","max-image-preview":"max-image-preview:large","max-video-preview":"max-video-preview:-1"},"canonical":"https:\/\/elsade.com\/es\/curso-de-picker\/","og_locale":"es_ES","og_type":"article","og_title":"Curso de picker - ELSADE MANUTENCI\u00d3","og_description":"Curso de Picker - Qu\u00e9 es el \u201cPicking\u201d - Tipos y caracter\u00edsticas del Picking - C\u00f3mo hacer un Picking m\u00e1s eficiente - Errores frecuentes en el picking - Radiofrecuencia - Pr\u00e1cticas con Recogepedidos &nbsp; Duraci\u00f3n del curso: 4,5h. (3h de teor\u00eda + 1,5h de pr\u00e1cticas\/por alumno) Calendario: Consultar d\u00edas. Te\u00f3rica: dos horarios, ma\u00f1ana de 9:00h [&hellip;]","og_url":"https:\/\/elsade.com\/es\/curso-de-picker\/","og_site_name":"ELSADE MANUTENCI\u00d3","article_modified_time":"2025-05-20T15:03:52+00:00","twitter_card":"summary_large_image","twitter_misc":{"Tiempo de lectura":"1 minuto"},"schema":{"@context":"https:\/\/schema.org","@graph":[{"@type":"WebPage","@id":"https:\/\/elsade.com\/es\/curso-de-picker\/","url":"https:\/\/elsade.com\/es\/curso-de-picker\/","name":"Curso de picker - ELSADE MANUTENCI\u00d3","isPartOf":{"@id":"https:\/\/elsade.com\/es\/#website"},"datePublished":"2021-01-22T10:10:42+00:00","dateModified":"2025-05-20T15:03:52+00:00","breadcrumb":{"@id":"https:\/\/elsade.com\/es\/curso-de-picker\/#breadcrumb"},"inLanguage":"es","potentialAction":[{"@type":"ReadAction","target":["https:\/\/elsade.com\/es\/curso-de-picker\/"]}]},{"@type":"BreadcrumbList","@id":"https:\/\/elsade.com\/es\/curso-de-picker\/#breadcrumb","itemListElement":[{"@type":"ListItem","position":1,"name":"Portada","item":"https:\/\/elsade.com\/es\/"},{"@type":"ListItem","position":2,"name":"Curso de picker"}]},{"@type":"WebSite","@id":"https:\/\/elsade.com\/es\/#website","url":"https:\/\/elsade.com\/es\/","name":"ELSADE MANUTENCI\u00d3","description":"Formaci\u00f3n, cursos ","potentialAction":[{"@type":"SearchAction","target":{"@type":"EntryPoint","urlTemplate":"https:\/\/elsade.com\/es\/?s={search_term_string}"},"query-input":{"@type":"PropertyValueSpecification","valueRequired":true,"valueName":"search_term_string"}}],"inLanguage":"es"}]}},"_links":{"self":[{"href":"https:\/\/elsade.com\/es\/wp-json\/wp\/v2\/pages\/1182","targetHints":{"allow":["GET"]}}],"collection":[{"href":"https:\/\/elsade.com\/es\/wp-json\/wp\/v2\/pages"}],"about":[{"href":"https:\/\/elsade.com\/es\/wp-json\/wp\/v2\/types\/page"}],"author":[{"embeddable":true,"href":"https:\/\/elsade.com\/es\/wp-json\/wp\/v2\/users\/3"}],"replies":[{"embeddable":true,"href":"https:\/\/elsade.com\/es\/wp-json\/wp\/v2\/comments?post=1182"}],"version-history":[{"count":47,"href":"https:\/\/elsade.com\/es\/wp-json\/wp\/v2\/pages\/1182\/revisions"}],"predecessor-version":[{"id":1592,"href":"https:\/\/elsade.com\/es\/wp-json\/wp\/v2\/pages\/1182\/revisions\/1592"}],"wp:attachment":[{"href":"https:\/\/elsade.com\/es\/wp-json\/wp\/v2\/media?parent=1182"}],"curies":[{"name":"wp","href":"https:\/\/api.w.org\/{rel}","templated":true}]}}