{"id":1222,"date":"2021-01-22T10:37:25","date_gmt":"2021-01-22T10:37:25","guid":{"rendered":"https:\/\/elsade.com\/elsade\/es\/?page_id=1222"},"modified":"2025-05-20T14:55:30","modified_gmt":"2025-05-20T14:55:30","slug":"jefe-equipo-almacen-team-leader","status":"publish","type":"page","link":"https:\/\/elsade.com\/es\/jefe-equipo-almacen-team-leader\/","title":{"rendered":"Jefe de equipo de almac\u00e9n (team leader)"},"content":{"rendered":"<div id=\"pl-1222\"  class=\"panel-layout\" ><div id=\"pg-1222-0\"  class=\"panel-grid panel-no-style\" ><div id=\"pgc-1222-0-0\"  class=\"panel-grid-cell panel-grid-cell-empty\" ><\/div><div id=\"pgc-1222-0-1\"  class=\"panel-grid-cell panel-grid-cell-mobile-last\" ><div id=\"panel-1222-0-1-0\" class=\"so-panel widget widget_media_image panel-first-child\" data-index=\"0\" ><img loading=\"lazy\" decoding=\"async\" width=\"769\" height=\"80\" src=\"https:\/\/elsade.com\/es\/wp-content\/uploads\/sites\/2\/2025\/05\/titulo_nous_cast-1.png\" class=\"image wp-image-1550  attachment-full size-full\" alt=\"\" style=\"max-width: 100%; height: auto;\" srcset=\"https:\/\/elsade.com\/es\/wp-content\/uploads\/sites\/2\/2025\/05\/titulo_nous_cast-1.png 769w, https:\/\/elsade.com\/es\/wp-content\/uploads\/sites\/2\/2025\/05\/titulo_nous_cast-1-300x31.png 300w\" sizes=\"auto, (max-width: 769px) 100vw, 769px\" \/><\/div><div id=\"panel-1222-0-1-1\" class=\"so-panel widget widget_text\" data-index=\"1\" >\t\t\t<div class=\"textwidget\"><p style=\"text-left: center; font-size: 28px; line-height: 29px;\"><strong>Jefe de equipo de almac\u00e9n (team leader)<\/strong><\/p>\n<\/div>\n\t\t<\/div><div id=\"panel-1222-0-1-2\" class=\"so-panel widget widget_text\" data-index=\"2\" >\t\t\t<div class=\"textwidget\"><p>&#8211; Seguridad en la manipulaci\u00f3n de maquinaria en el almac\u00e9n<br \/>\n&#8211; Gesti\u00f3n de un almac\u00e9n organizado, m\u00e1s eficiente y optimizado: zona de almacenaje<br \/>\n&#8211; Gesti\u00f3n de un almac\u00e9n organizado, m\u00e1s eficiente y optimizado: zona de expediciones, recepciones y re-work<br \/>\n&#8211; Forma m\u00e1s eficiente de almacenar en funci\u00f3n de la tipologia de producto<br \/>\n&#8211; Introducci\u00f3n a las 5S de almac\u00e9n<br \/>\n&#8211; Control y gesti\u00f3n del stock<br \/>\n&#8211; Gesti\u00f3n de inventarios<br \/>\n&#8211; Gesti\u00f3n de la documentaci\u00f3n de almac\u00e9n: packing list, hoja de pedido, albaranes, CMR<br \/>\n&#8211; SGA y radiofrecuencia<br \/>\n&#8211; Optimizaci\u00f3n del equipo asignado y de la maquinaria disponible<br \/>\n&#8211; Como hacer m\u00e1s eficientes las tareas del almac\u00e9n, dentro del conjunto de las tareas de la operativa<br \/>\n&#8211; Motivaci\u00f3n del equipo<br \/>\n&#8211; T\u00e9cnicas de liderazgo de equipos<br \/>\n&#8211; Resoluci\u00f3n y mediaci\u00f3n de conflictos<br \/>\n&#8211; Gesti\u00f3n emocional del estr\u00e9s<\/p>\n<p>&nbsp;<\/p>\n<p><strong>Duraci\u00f3n del curso:<\/strong> 16h.<\/p>\n<p><strong>Calendario:<\/strong> Consultar<br \/>\nEn dos horarios: ma\u00f1ana de 10:00h a 12:00h o tarde de 16:00h a 18:00h;<br \/>\nA escoger por el alumno<\/p>\n<p>&nbsp;<\/p>\n<p><strong>Coste:<\/strong> 150\u20ac \/alumno<\/p>\n<\/div>\n\t\t<\/div><div id=\"panel-1222-0-1-3\" class=\"so-panel widget widget_text panel-last-child\" data-index=\"3\" >\t\t\t<div class=\"textwidget\"><div class=\"su-row\">\n<div class=\"su-column su-column-size-1-1\">\n<div class=\"su-column-inner su-u-clearfix su-u-trim\"><a href=\"\/es\/solicitar-informacion-cursos-intralogistica\/\" class=\"su-button su-button-style-glass\" style=\"color:#FFFFFF;background-color:#e52b2c;border-color:#b82324;border-radius:40px\" target=\"_self\"><span style=\"color:#FFFFFF;padding:7px 20px;font-size:16px;line-height:24px;border-color:#ed6b6c;border-radius:40px;text-shadow:none\"><i class=\"sui sui-angle-double-right\" style=\"font-size:16px;color:#FFFFFF\"><\/i> QUIERO INSCRIBIRME<\/span><\/a><\/div>\n<\/div>\n<\/div>\n<div class=\"su-row\">\n<div class=\"su-column su-column-size-1-1\">\n<div class=\"su-column-inner su-u-clearfix su-u-trim\"><a href=\"\/es\/calendario-de-cursos\/\" class=\"su-button su-button-style-glass\" style=\"color:#FFFFFF;background-color:#e52b2c;border-color:#b82324;border-radius:40px\" target=\"_self\"><span style=\"color:#FFFFFF;padding:7px 20px;font-size:16px;line-height:24px;border-color:#ed6b6c;border-radius:40px;text-shadow:none\"><i class=\"sui sui-angle-double-right\" style=\"font-size:16px;color:#FFFFFF\"><\/i> VER CALENDARIO<\/span><\/a><\/div>\n<\/div>\n<\/div>\n<\/div>\n\t\t<\/div><\/div><div id=\"pgc-1222-0-2\"  class=\"panel-grid-cell panel-grid-cell-empty\" ><\/div><\/div><div id=\"pg-1222-1\"  class=\"panel-grid panel-no-style\" ><div id=\"pgc-1222-1-0\"  class=\"panel-grid-cell panel-grid-cell-empty\" ><\/div><div id=\"pgc-1222-1-1\"  class=\"panel-grid-cell panel-grid-cell-mobile-last\" ><div id=\"panel-1222-1-1-0\" class=\"so-panel widget widget_media_image panel-first-child panel-last-child\" data-index=\"4\" ><a href=\"\/es\/solicitar-informacion-cursos-intralogistica\/\"><img loading=\"lazy\" decoding=\"async\" width=\"769\" height=\"226\" src=\"https:\/\/elsade.com\/es\/wp-content\/uploads\/sites\/2\/2025\/05\/pie-1.png\" class=\"image wp-image-1555  attachment-full size-full\" alt=\"\" style=\"max-width: 100%; height: auto;\" srcset=\"https:\/\/elsade.com\/es\/wp-content\/uploads\/sites\/2\/2025\/05\/pie-1.png 769w, https:\/\/elsade.com\/es\/wp-content\/uploads\/sites\/2\/2025\/05\/pie-1-300x88.png 300w\" sizes=\"auto, (max-width: 769px) 100vw, 769px\" \/><\/a><\/div><\/div><div id=\"pgc-1222-1-2\"  class=\"panel-grid-cell panel-grid-cell-empty\" ><\/div><\/div><div id=\"pg-1222-2\"  class=\"panel-grid panel-no-style\" ><div id=\"pgc-1222-2-0\"  class=\"panel-grid-cell\" ><div id=\"panel-1222-2-0-0\" class=\"so-panel widget widget_text panel-first-child panel-last-child\" data-index=\"5\" ><div class=\"panel-widget-style panel-widget-style-for-1222-2-0-0\" >\t\t\t<div class=\"textwidget\"><h1 style=\"text-align: center;\"><strong>Otros cursos relacionados<\/strong><\/h1>\n<\/div>\n\t\t<\/div><\/div><\/div><\/div><div id=\"pg-1222-3\"  class=\"panel-grid panel-has-style\" ><div class=\"panel-row-style panel-row-style-for-1222-3\" ><div id=\"pgc-1222-3-0\"  class=\"panel-grid-cell\" ><div id=\"panel-1222-3-0-0\" class=\"so-panel widget widget_sow-button panel-first-child panel-last-child\" data-index=\"6\" ><div\n\t\t\t\n\t\t\tclass=\"so-widget-sow-button so-widget-sow-button-flat-58791afb5c63-1222\"\n\t\t\t\n\t\t><div class=\"ow-button-base ow-button-align-center\"\n>\n\t\t\t<a\n\t\t\t\t\thref=\"\/es\/organizacion-eficiente-almacenes\/\"\n\t\t\t\t\tclass=\"sowb-button ow-icon-placement-left ow-button-hover\" \t>\n\t\t<span>\n\t\t\t\n\t\t\tOrganizaci\u00f3n eficiente de almacenes\t\t<\/span>\n\t\t\t<\/a>\n\t<\/div>\n<\/div><\/div><\/div><div id=\"pgc-1222-3-1\"  class=\"panel-grid-cell\" ><div id=\"panel-1222-3-1-0\" class=\"so-panel widget widget_sow-button panel-first-child panel-last-child\" data-index=\"7\" ><div\n\t\t\t\n\t\t\tclass=\"so-widget-sow-button so-widget-sow-button-flat-58791afb5c63-1222\"\n\t\t\t\n\t\t><div class=\"ow-button-base ow-button-align-center\"\n>\n\t\t\t<a\n\t\t\t\t\thref=\"\/es\/curso-de-picker\/\"\n\t\t\t\t\tclass=\"sowb-button ow-icon-placement-left ow-button-hover\" \t>\n\t\t<span>\n\t\t\t\n\t\t\tCurso de picker\t\t<\/span>\n\t\t\t<\/a>\n\t<\/div>\n<\/div><\/div><\/div><div id=\"pgc-1222-3-2\"  class=\"panel-grid-cell\" ><div id=\"panel-1222-3-2-0\" class=\"so-panel widget widget_sow-button panel-first-child panel-last-child\" data-index=\"8\" ><div\n\t\t\t\n\t\t\tclass=\"so-widget-sow-button so-widget-sow-button-flat-58791afb5c63-1222\"\n\t\t\t\n\t\t><div class=\"ow-button-base ow-button-align-center\"\n>\n\t\t\t<a\n\t\t\t\t\thref=\"\/es\/organizacion-eficiente-almacenes\/\"\n\t\t\t\t\tclass=\"sowb-button ow-icon-placement-left ow-button-hover\" \t>\n\t\t<span>\n\t\t\t\n\t\t\tCurso de t\u00e9cnico de gesti\u00f3n de almac\u00e9n\t\t<\/span>\n\t\t\t<\/a>\n\t<\/div>\n<\/div><\/div><\/div><\/div><\/div><div id=\"pg-1222-4\"  class=\"panel-grid panel-no-style\" ><div id=\"pgc-1222-4-0\"  class=\"panel-grid-cell panel-grid-cell-empty\" ><\/div><div id=\"pgc-1222-4-1\"  class=\"panel-grid-cell panel-grid-cell-empty\" ><\/div><div id=\"pgc-1222-4-2\"  class=\"panel-grid-cell panel-grid-cell-empty\" ><\/div><div id=\"pgc-1222-4-3\"  class=\"panel-grid-cell panel-grid-cell-empty panel-grid-cell-mobile-last\" ><\/div><div id=\"pgc-1222-4-4\"  class=\"panel-grid-cell panel-grid-cell-empty\" ><\/div><\/div><div id=\"pg-1222-5\"  class=\"panel-grid panel-no-style\" ><div id=\"pgc-1222-5-0\"  class=\"panel-grid-cell\" ><div id=\"panel-1222-5-0-0\" class=\"so-panel widget panel-first-child panel-last-child\" data-index=\"9\" ><\/div><\/div><\/div><\/div>","protected":false},"excerpt":{"rendered":"<p>Jefe de equipo de almac\u00e9n (team leader) &#8211; Seguridad en la manipulaci\u00f3n de maquinaria en el almac\u00e9n &#8211; Gesti\u00f3n de un almac\u00e9n organizado, m\u00e1s eficiente y optimizado: zona de almacenaje &#8211; Gesti\u00f3n de un almac\u00e9n organizado, m\u00e1s eficiente y optimizado: zona de expediciones, recepciones y re-work &#8211; Forma m\u00e1s eficiente de almacenar en funci\u00f3n de [&hellip;]<\/p>\n","protected":false},"author":3,"featured_media":0,"parent":0,"menu_order":0,"comment_status":"closed","ping_status":"closed","template":"templates\/template-full-notitle.php","meta":{"_mc_calendar":[],"footnotes":""},"class_list":["post-1222","page","type-page","status-publish","hentry","post"],"yoast_head":"<!-- This site is optimized with the Yoast SEO plugin v26.9 - https:\/\/yoast.com\/product\/yoast-seo-wordpress\/ -->\n<title>Jefe de equipo de almac\u00e9n (team leader) - ELSADE MANUTENCI\u00d3<\/title>\n<meta name=\"robots\" content=\"index, follow, max-snippet:-1, max-image-preview:large, max-video-preview:-1\" \/>\n<link rel=\"canonical\" href=\"https:\/\/elsade.com\/es\/jefe-equipo-almacen-team-leader\/\" \/>\n<meta property=\"og:locale\" content=\"es_ES\" \/>\n<meta property=\"og:type\" content=\"article\" \/>\n<meta property=\"og:title\" content=\"Jefe de equipo de almac\u00e9n (team leader) - ELSADE MANUTENCI\u00d3\" \/>\n<meta property=\"og:description\" content=\"Jefe de equipo de almac\u00e9n (team leader) - Seguridad en la manipulaci\u00f3n de maquinaria en el almac\u00e9n - Gesti\u00f3n de un almac\u00e9n organizado, m\u00e1s eficiente y optimizado: zona de almacenaje - Gesti\u00f3n de un almac\u00e9n organizado, m\u00e1s eficiente y optimizado: zona de expediciones, recepciones y re-work - Forma m\u00e1s eficiente de almacenar en funci\u00f3n de [&hellip;]\" \/>\n<meta property=\"og:url\" content=\"https:\/\/elsade.com\/es\/jefe-equipo-almacen-team-leader\/\" \/>\n<meta property=\"og:site_name\" content=\"ELSADE MANUTENCI\u00d3\" \/>\n<meta property=\"article:modified_time\" content=\"2025-05-20T14:55:30+00:00\" \/>\n<meta name=\"twitter:card\" content=\"summary_large_image\" \/>\n<meta name=\"twitter:label1\" content=\"Tiempo de lectura\" \/>\n\t<meta name=\"twitter:data1\" content=\"2 minutos\" \/>\n<script type=\"application\/ld+json\" class=\"yoast-schema-graph\">{\"@context\":\"https:\/\/schema.org\",\"@graph\":[{\"@type\":\"WebPage\",\"@id\":\"https:\/\/elsade.com\/es\/jefe-equipo-almacen-team-leader\/\",\"url\":\"https:\/\/elsade.com\/es\/jefe-equipo-almacen-team-leader\/\",\"name\":\"Jefe de equipo de almac\u00e9n (team leader) - ELSADE MANUTENCI\u00d3\",\"isPartOf\":{\"@id\":\"https:\/\/elsade.com\/es\/#website\"},\"datePublished\":\"2021-01-22T10:37:25+00:00\",\"dateModified\":\"2025-05-20T14:55:30+00:00\",\"breadcrumb\":{\"@id\":\"https:\/\/elsade.com\/es\/jefe-equipo-almacen-team-leader\/#breadcrumb\"},\"inLanguage\":\"es\",\"potentialAction\":[{\"@type\":\"ReadAction\",\"target\":[\"https:\/\/elsade.com\/es\/jefe-equipo-almacen-team-leader\/\"]}]},{\"@type\":\"BreadcrumbList\",\"@id\":\"https:\/\/elsade.com\/es\/jefe-equipo-almacen-team-leader\/#breadcrumb\",\"itemListElement\":[{\"@type\":\"ListItem\",\"position\":1,\"name\":\"Portada\",\"item\":\"https:\/\/elsade.com\/es\/\"},{\"@type\":\"ListItem\",\"position\":2,\"name\":\"Jefe de equipo de almac\u00e9n (team leader)\"}]},{\"@type\":\"WebSite\",\"@id\":\"https:\/\/elsade.com\/es\/#website\",\"url\":\"https:\/\/elsade.com\/es\/\",\"name\":\"ELSADE MANUTENCI\u00d3\",\"description\":\"Formaci\u00f3n, cursos \",\"potentialAction\":[{\"@type\":\"SearchAction\",\"target\":{\"@type\":\"EntryPoint\",\"urlTemplate\":\"https:\/\/elsade.com\/es\/?s={search_term_string}\"},\"query-input\":{\"@type\":\"PropertyValueSpecification\",\"valueRequired\":true,\"valueName\":\"search_term_string\"}}],\"inLanguage\":\"es\"}]}<\/script>\n<!-- \/ Yoast SEO plugin. -->","yoast_head_json":{"title":"Jefe de equipo de almac\u00e9n (team leader) - ELSADE MANUTENCI\u00d3","robots":{"index":"index","follow":"follow","max-snippet":"max-snippet:-1","max-image-preview":"max-image-preview:large","max-video-preview":"max-video-preview:-1"},"canonical":"https:\/\/elsade.com\/es\/jefe-equipo-almacen-team-leader\/","og_locale":"es_ES","og_type":"article","og_title":"Jefe de equipo de almac\u00e9n (team leader) - ELSADE MANUTENCI\u00d3","og_description":"Jefe de equipo de almac\u00e9n (team leader) - Seguridad en la manipulaci\u00f3n de maquinaria en el almac\u00e9n - Gesti\u00f3n de un almac\u00e9n organizado, m\u00e1s eficiente y optimizado: zona de almacenaje - Gesti\u00f3n de un almac\u00e9n organizado, m\u00e1s eficiente y optimizado: zona de expediciones, recepciones y re-work - Forma m\u00e1s eficiente de almacenar en funci\u00f3n de [&hellip;]","og_url":"https:\/\/elsade.com\/es\/jefe-equipo-almacen-team-leader\/","og_site_name":"ELSADE MANUTENCI\u00d3","article_modified_time":"2025-05-20T14:55:30+00:00","twitter_card":"summary_large_image","twitter_misc":{"Tiempo de lectura":"2 minutos"},"schema":{"@context":"https:\/\/schema.org","@graph":[{"@type":"WebPage","@id":"https:\/\/elsade.com\/es\/jefe-equipo-almacen-team-leader\/","url":"https:\/\/elsade.com\/es\/jefe-equipo-almacen-team-leader\/","name":"Jefe de equipo de almac\u00e9n (team leader) - ELSADE MANUTENCI\u00d3","isPartOf":{"@id":"https:\/\/elsade.com\/es\/#website"},"datePublished":"2021-01-22T10:37:25+00:00","dateModified":"2025-05-20T14:55:30+00:00","breadcrumb":{"@id":"https:\/\/elsade.com\/es\/jefe-equipo-almacen-team-leader\/#breadcrumb"},"inLanguage":"es","potentialAction":[{"@type":"ReadAction","target":["https:\/\/elsade.com\/es\/jefe-equipo-almacen-team-leader\/"]}]},{"@type":"BreadcrumbList","@id":"https:\/\/elsade.com\/es\/jefe-equipo-almacen-team-leader\/#breadcrumb","itemListElement":[{"@type":"ListItem","position":1,"name":"Portada","item":"https:\/\/elsade.com\/es\/"},{"@type":"ListItem","position":2,"name":"Jefe de equipo de almac\u00e9n (team leader)"}]},{"@type":"WebSite","@id":"https:\/\/elsade.com\/es\/#website","url":"https:\/\/elsade.com\/es\/","name":"ELSADE MANUTENCI\u00d3","description":"Formaci\u00f3n, cursos ","potentialAction":[{"@type":"SearchAction","target":{"@type":"EntryPoint","urlTemplate":"https:\/\/elsade.com\/es\/?s={search_term_string}"},"query-input":{"@type":"PropertyValueSpecification","valueRequired":true,"valueName":"search_term_string"}}],"inLanguage":"es"}]}},"_links":{"self":[{"href":"https:\/\/elsade.com\/es\/wp-json\/wp\/v2\/pages\/1222","targetHints":{"allow":["GET"]}}],"collection":[{"href":"https:\/\/elsade.com\/es\/wp-json\/wp\/v2\/pages"}],"about":[{"href":"https:\/\/elsade.com\/es\/wp-json\/wp\/v2\/types\/page"}],"author":[{"embeddable":true,"href":"https:\/\/elsade.com\/es\/wp-json\/wp\/v2\/users\/3"}],"replies":[{"embeddable":true,"href":"https:\/\/elsade.com\/es\/wp-json\/wp\/v2\/comments?post=1222"}],"version-history":[{"count":28,"href":"https:\/\/elsade.com\/es\/wp-json\/wp\/v2\/pages\/1222\/revisions"}],"predecessor-version":[{"id":1588,"href":"https:\/\/elsade.com\/es\/wp-json\/wp\/v2\/pages\/1222\/revisions\/1588"}],"wp:attachment":[{"href":"https:\/\/elsade.com\/es\/wp-json\/wp\/v2\/media?parent=1222"}],"curies":[{"name":"wp","href":"https:\/\/api.w.org\/{rel}","templated":true}]}}