{"id":1469,"date":"2024-05-10T12:51:20","date_gmt":"2024-05-10T12:51:20","guid":{"rendered":"https:\/\/elsade.com\/elsade\/es\/?page_id=1469"},"modified":"2025-05-20T14:25:25","modified_gmt":"2025-05-20T14:25:25","slug":"consentimiento-para-el-tratamiento-de-datos-personales","status":"publish","type":"page","link":"https:\/\/elsade.com\/es\/consentimiento-para-el-tratamiento-de-datos-personales\/","title":{"rendered":"Consentimiento para el tratamiento de datos personales"},"content":{"rendered":"\n<p><strong>ELSADE MANUTENCI\u00d3, S.L. <\/strong>es el Responsable del tratamiento de los datos personales del Usuario y le informa de que estos datos se tratar\u00e1n de conformidad con lo dispuesto en el Reglamento (UE) 2016\/679, de 27 de abril (GDPR), y la Ley Org\u00e1nica 3\/2018, de 5 de diciembre (LOPDGDD), por lo que se le facilita la siguiente informaci\u00f3n del tratamiento:<\/p>\n\n\n\n<p><strong>Fines y legitimaci\u00f3n del tratamiento<\/strong>: mantener una relaci\u00f3n comercial (por inter\u00e9s leg\u00edtimo del responsable, art. 6.1.f GDPR) y env\u00edo de comunicaciones de productos o servicios (con el consentimiento del interesado, art. 6.1.a GDPR).<\/p>\n\n\n\n<p><strong>Criterios de conservaci\u00f3n de los datos<\/strong>: se conservar\u00e1n durante no m\u00e1s tiempo del necesario para mantener el fin del tratamiento o existan prescripciones legales que dictaminen su custodia y cuando ya no sea necesario para ello, se suprimir\u00e1n con medidas de seguridad adecuadas para garantizar la anonimizaci\u00f3n de los datos o la destrucci\u00f3n total de los mismos.<\/p>\n\n\n\n<p><strong>Comunicaci\u00f3n de los datos<\/strong>: no se comunicar\u00e1n los datos a terceros, salvo obligaci\u00f3n legal.<\/p>\n\n\n\n<p><strong>Derechos que asisten al Usuario<\/strong>: Derecho a retirar el consentimiento en cualquier momento. Derecho de acceso, rectificaci\u00f3n, portabilidad y supresi\u00f3n de sus datos, y de limitaci\u00f3n u oposici\u00f3n a su tratamiento. Derecho a presentar una reclamaci\u00f3n ante la Autoridad de control <a href=\"http:\/\/www.aepd.es\/\">(www.aepd.es)<\/a> si considera que el tratamiento no se ajusta a la normativa vigente.<\/p>\n\n\n\n<p><strong>Datos de contacto para ejercer sus derechos:<\/strong><\/p>\n\n\n\n<p>ELSADE MANUTENCI\u00d3, S.L. Pol\u00edgono Industrial Francol\u00ed, Cam\u00ed Vell de Salou, 3 &#8211; 43006 Tarragona.<\/p>\n\n\n\n<p>E-mail: <a href=\"mailto:info@elsade.com\">info@elsade.com<\/a><\/p>\n\n\n\n<p>Para continuar debe aceptar que ha le\u00eddo y est\u00e1 conforme con la cl\u00e1usula anterior.<\/p>\n","protected":false},"excerpt":{"rendered":"<p>ELSADE MANUTENCI\u00d3, S.L. es el Responsable del tratamiento de los datos personales del Usuario y le informa de que estos datos se tratar\u00e1n de conformidad con lo dispuesto en el Reglamento (UE) 2016\/679, de 27 de abril (GDPR), y la Ley Org\u00e1nica 3\/2018, de 5 de diciembre (LOPDGDD), por lo que se le facilita la [&hellip;]<\/p>\n","protected":false},"author":1,"featured_media":0,"parent":0,"menu_order":0,"comment_status":"closed","ping_status":"closed","template":"templates\/template-full.php","meta":{"_mc_calendar":[],"footnotes":""},"class_list":["post-1469","page","type-page","status-publish","hentry","post"],"yoast_head":"<!-- This site is optimized with the Yoast SEO plugin v26.9 - https:\/\/yoast.com\/product\/yoast-seo-wordpress\/ -->\n<title>Consentimiento para el tratamiento de datos personales - ELSADE MANUTENCI\u00d3<\/title>\n<meta name=\"robots\" content=\"index, follow, max-snippet:-1, max-image-preview:large, max-video-preview:-1\" \/>\n<link rel=\"canonical\" href=\"https:\/\/elsade.com\/es\/consentimiento-para-el-tratamiento-de-datos-personales\/\" \/>\n<meta property=\"og:locale\" content=\"es_ES\" \/>\n<meta property=\"og:type\" content=\"article\" \/>\n<meta property=\"og:title\" content=\"Consentimiento para el tratamiento de datos personales - ELSADE MANUTENCI\u00d3\" \/>\n<meta property=\"og:description\" content=\"ELSADE MANUTENCI\u00d3, S.L. es el Responsable del tratamiento de los datos personales del Usuario y le informa de que estos datos se tratar\u00e1n de conformidad con lo dispuesto en el Reglamento (UE) 2016\/679, de 27 de abril (GDPR), y la Ley Org\u00e1nica 3\/2018, de 5 de diciembre (LOPDGDD), por lo que se le facilita la [&hellip;]\" \/>\n<meta property=\"og:url\" content=\"https:\/\/elsade.com\/es\/consentimiento-para-el-tratamiento-de-datos-personales\/\" \/>\n<meta property=\"og:site_name\" content=\"ELSADE MANUTENCI\u00d3\" \/>\n<meta property=\"article:modified_time\" content=\"2025-05-20T14:25:25+00:00\" \/>\n<meta name=\"twitter:card\" content=\"summary_large_image\" \/>\n<meta name=\"twitter:label1\" content=\"Tiempo de lectura\" \/>\n\t<meta name=\"twitter:data1\" content=\"2 minutos\" \/>\n<script type=\"application\/ld+json\" class=\"yoast-schema-graph\">{\"@context\":\"https:\/\/schema.org\",\"@graph\":[{\"@type\":\"WebPage\",\"@id\":\"https:\/\/elsade.com\/es\/consentimiento-para-el-tratamiento-de-datos-personales\/\",\"url\":\"https:\/\/elsade.com\/es\/consentimiento-para-el-tratamiento-de-datos-personales\/\",\"name\":\"Consentimiento para el tratamiento de datos personales - ELSADE MANUTENCI\u00d3\",\"isPartOf\":{\"@id\":\"https:\/\/elsade.com\/es\/#website\"},\"datePublished\":\"2024-05-10T12:51:20+00:00\",\"dateModified\":\"2025-05-20T14:25:25+00:00\",\"breadcrumb\":{\"@id\":\"https:\/\/elsade.com\/es\/consentimiento-para-el-tratamiento-de-datos-personales\/#breadcrumb\"},\"inLanguage\":\"es\",\"potentialAction\":[{\"@type\":\"ReadAction\",\"target\":[\"https:\/\/elsade.com\/es\/consentimiento-para-el-tratamiento-de-datos-personales\/\"]}]},{\"@type\":\"BreadcrumbList\",\"@id\":\"https:\/\/elsade.com\/es\/consentimiento-para-el-tratamiento-de-datos-personales\/#breadcrumb\",\"itemListElement\":[{\"@type\":\"ListItem\",\"position\":1,\"name\":\"Portada\",\"item\":\"https:\/\/elsade.com\/es\/\"},{\"@type\":\"ListItem\",\"position\":2,\"name\":\"Consentimiento para el tratamiento de datos personales\"}]},{\"@type\":\"WebSite\",\"@id\":\"https:\/\/elsade.com\/es\/#website\",\"url\":\"https:\/\/elsade.com\/es\/\",\"name\":\"ELSADE MANUTENCI\u00d3\",\"description\":\"Formaci\u00f3n, cursos \",\"potentialAction\":[{\"@type\":\"SearchAction\",\"target\":{\"@type\":\"EntryPoint\",\"urlTemplate\":\"https:\/\/elsade.com\/es\/?s={search_term_string}\"},\"query-input\":{\"@type\":\"PropertyValueSpecification\",\"valueRequired\":true,\"valueName\":\"search_term_string\"}}],\"inLanguage\":\"es\"}]}<\/script>\n<!-- \/ Yoast SEO plugin. -->","yoast_head_json":{"title":"Consentimiento para el tratamiento de datos personales - ELSADE MANUTENCI\u00d3","robots":{"index":"index","follow":"follow","max-snippet":"max-snippet:-1","max-image-preview":"max-image-preview:large","max-video-preview":"max-video-preview:-1"},"canonical":"https:\/\/elsade.com\/es\/consentimiento-para-el-tratamiento-de-datos-personales\/","og_locale":"es_ES","og_type":"article","og_title":"Consentimiento para el tratamiento de datos personales - ELSADE MANUTENCI\u00d3","og_description":"ELSADE MANUTENCI\u00d3, S.L. es el Responsable del tratamiento de los datos personales del Usuario y le informa de que estos datos se tratar\u00e1n de conformidad con lo dispuesto en el Reglamento (UE) 2016\/679, de 27 de abril (GDPR), y la Ley Org\u00e1nica 3\/2018, de 5 de diciembre (LOPDGDD), por lo que se le facilita la [&hellip;]","og_url":"https:\/\/elsade.com\/es\/consentimiento-para-el-tratamiento-de-datos-personales\/","og_site_name":"ELSADE MANUTENCI\u00d3","article_modified_time":"2025-05-20T14:25:25+00:00","twitter_card":"summary_large_image","twitter_misc":{"Tiempo de lectura":"2 minutos"},"schema":{"@context":"https:\/\/schema.org","@graph":[{"@type":"WebPage","@id":"https:\/\/elsade.com\/es\/consentimiento-para-el-tratamiento-de-datos-personales\/","url":"https:\/\/elsade.com\/es\/consentimiento-para-el-tratamiento-de-datos-personales\/","name":"Consentimiento para el tratamiento de datos personales - ELSADE MANUTENCI\u00d3","isPartOf":{"@id":"https:\/\/elsade.com\/es\/#website"},"datePublished":"2024-05-10T12:51:20+00:00","dateModified":"2025-05-20T14:25:25+00:00","breadcrumb":{"@id":"https:\/\/elsade.com\/es\/consentimiento-para-el-tratamiento-de-datos-personales\/#breadcrumb"},"inLanguage":"es","potentialAction":[{"@type":"ReadAction","target":["https:\/\/elsade.com\/es\/consentimiento-para-el-tratamiento-de-datos-personales\/"]}]},{"@type":"BreadcrumbList","@id":"https:\/\/elsade.com\/es\/consentimiento-para-el-tratamiento-de-datos-personales\/#breadcrumb","itemListElement":[{"@type":"ListItem","position":1,"name":"Portada","item":"https:\/\/elsade.com\/es\/"},{"@type":"ListItem","position":2,"name":"Consentimiento para el tratamiento de datos personales"}]},{"@type":"WebSite","@id":"https:\/\/elsade.com\/es\/#website","url":"https:\/\/elsade.com\/es\/","name":"ELSADE MANUTENCI\u00d3","description":"Formaci\u00f3n, cursos ","potentialAction":[{"@type":"SearchAction","target":{"@type":"EntryPoint","urlTemplate":"https:\/\/elsade.com\/es\/?s={search_term_string}"},"query-input":{"@type":"PropertyValueSpecification","valueRequired":true,"valueName":"search_term_string"}}],"inLanguage":"es"}]}},"_links":{"self":[{"href":"https:\/\/elsade.com\/es\/wp-json\/wp\/v2\/pages\/1469","targetHints":{"allow":["GET"]}}],"collection":[{"href":"https:\/\/elsade.com\/es\/wp-json\/wp\/v2\/pages"}],"about":[{"href":"https:\/\/elsade.com\/es\/wp-json\/wp\/v2\/types\/page"}],"author":[{"embeddable":true,"href":"https:\/\/elsade.com\/es\/wp-json\/wp\/v2\/users\/1"}],"replies":[{"embeddable":true,"href":"https:\/\/elsade.com\/es\/wp-json\/wp\/v2\/comments?post=1469"}],"version-history":[{"count":4,"href":"https:\/\/elsade.com\/es\/wp-json\/wp\/v2\/pages\/1469\/revisions"}],"predecessor-version":[{"id":1586,"href":"https:\/\/elsade.com\/es\/wp-json\/wp\/v2\/pages\/1469\/revisions\/1586"}],"wp:attachment":[{"href":"https:\/\/elsade.com\/es\/wp-json\/wp\/v2\/media?parent=1469"}],"curies":[{"name":"wp","href":"https:\/\/api.w.org\/{rel}","templated":true}]}}