{"id":15,"date":"2017-08-14T09:30:06","date_gmt":"2017-08-14T09:30:06","guid":{"rendered":"https:\/\/elsade.com\/elsade\/es\/?page_id=15"},"modified":"2025-05-20T14:34:22","modified_gmt":"2025-05-20T14:34:22","slug":"contactar","status":"publish","type":"page","link":"https:\/\/elsade.com\/es\/contactar\/","title":{"rendered":"Contactar"},"content":{"rendered":"<p>Si tiene cualquier duda o consulta puede rellenar el siguiente formulario y un especialista de nuestro equipo t\u00e9cnico se pondr\u00e1 en contacto.<\/p>\n<p>Si lo prefiere, tambi\u00e9n puede llamarnos al tel\u00e9fono <strong>902 13 13 43<\/strong> o enviarnos un e-mail a\u00a0<a href=\"mailto:info@elsade.com\">info@elsade.com<\/a><\/p>\n<div class=\"su-row\">\n<div class=\"su-column su-column-size-2-5\"><div class=\"su-column-inner su-u-clearfix su-u-trim\">\n<div class=\"wpcf7 no-js\" id=\"wpcf7-f75-o1\" lang=\"es-ES\" dir=\"ltr\" data-wpcf7-id=\"75\">\n<div class=\"screen-reader-response\"><p role=\"status\" aria-live=\"polite\" aria-atomic=\"true\"><\/p> <ul><\/ul><\/div>\n<form action=\"\/es\/wp-json\/wp\/v2\/pages\/15#wpcf7-f75-o1\" method=\"post\" class=\"wpcf7-form init wpcf7-acceptance-as-validation\" aria-label=\"Formulario de contacto\" novalidate=\"novalidate\" data-status=\"init\">\n<fieldset class=\"hidden-fields-container\"><input type=\"hidden\" name=\"_wpcf7\" value=\"75\" \/><input type=\"hidden\" name=\"_wpcf7_version\" value=\"6.1.5\" \/><input type=\"hidden\" name=\"_wpcf7_locale\" value=\"es_ES\" \/><input type=\"hidden\" name=\"_wpcf7_unit_tag\" value=\"wpcf7-f75-o1\" \/><input type=\"hidden\" name=\"_wpcf7_container_post\" value=\"0\" \/><input type=\"hidden\" name=\"_wpcf7_posted_data_hash\" value=\"\" \/>\n<\/fieldset>\n<p>Nombre*\n<\/p>\n<p><span class=\"wpcf7-form-control-wrap\" data-name=\"your-name\"><input size=\"40\" maxlength=\"400\" class=\"wpcf7-form-control wpcf7-text wpcf7-validates-as-required\" aria-required=\"true\" aria-invalid=\"false\" value=\"\" type=\"text\" name=\"your-name\" \/><\/span>\n<\/p>\n<p>E-mail*\n<\/p>\n<p><span class=\"wpcf7-form-control-wrap\" data-name=\"your-email\"><input size=\"40\" maxlength=\"400\" class=\"wpcf7-form-control wpcf7-email wpcf7-validates-as-required wpcf7-text wpcf7-validates-as-email\" aria-required=\"true\" aria-invalid=\"false\" value=\"\" type=\"email\" name=\"your-email\" \/><\/span>\n<\/p>\n<p>Tel\u00e9fono*\n<\/p>\n<p><span class=\"wpcf7-form-control-wrap\" data-name=\"tel-768\"><input size=\"40\" maxlength=\"400\" class=\"wpcf7-form-control wpcf7-tel wpcf7-validates-as-required wpcf7-text wpcf7-validates-as-tel\" aria-required=\"true\" aria-invalid=\"false\" value=\"\" type=\"tel\" name=\"tel-768\" \/><\/span>\n<\/p>\n<p>Asunto\n<\/p>\n<p><span class=\"wpcf7-form-control-wrap\" data-name=\"your-subject\"><input size=\"40\" maxlength=\"400\" class=\"wpcf7-form-control wpcf7-text\" aria-invalid=\"false\" value=\"\" type=\"text\" name=\"your-subject\" \/><\/span>\n<\/p>\n<p>Mensaje\n<\/p>\n<p><span class=\"wpcf7-form-control-wrap\" data-name=\"your-message\"><textarea cols=\"40\" rows=\"10\" maxlength=\"2000\" class=\"wpcf7-form-control wpcf7-textarea\" aria-invalid=\"false\" name=\"your-message\"><\/textarea><\/span>\n<\/p>\n<p><input class=\"wpcf7-form-control wpcf7-submit has-spinner\" type=\"submit\" value=\"Enviar\" \/><span style=\"font-size:11px;\"><span class=\"wpcf7-form-control-wrap\" data-name=\"acceptance-805\"><span class=\"wpcf7-form-control wpcf7-acceptance\"><span class=\"wpcf7-list-item\"><input type=\"checkbox\" name=\"acceptance-805\" value=\"1\" aria-invalid=\"false\" \/><\/span><\/span><\/span> Acepto los t\u00e9rminos legales <a href=\"https:\/\/elsade.com\/es\/consentimiento-para-el-tratamiento-de-datos-personales\/\" target=\"_blank\">(Leer t\u00e9rminos)<\/a><\/span>\n<\/p><p style=\"display: none !important;\" class=\"akismet-fields-container\" data-prefix=\"_wpcf7_ak_\"><label>&#916;<textarea name=\"_wpcf7_ak_hp_textarea\" cols=\"45\" rows=\"8\" maxlength=\"100\"><\/textarea><\/label><input type=\"hidden\" id=\"ak_js_1\" name=\"_wpcf7_ak_js\" value=\"250\"\/><script>document.getElementById( \"ak_js_1\" ).setAttribute( \"value\", ( new Date() ).getTime() );<\/script><\/p><div class=\"wpcf7-response-output\" aria-hidden=\"true\"><\/div>\n<\/form>\n<\/div>\n <\/div><\/div>\n<div class=\"su-column su-column-size-3-5\"><div class=\"su-column-inner su-u-clearfix su-u-trim\">\n<div class=\"su-gmap su-u-responsive-media-yes\"><iframe loading=\"lazy\" width=\"800\" height=\"800\" src=\"\/\/maps.google.com\/maps?q=ELSADE%20MANUTENCI%C3%93%2C%20S.L.%20Cam%C3%AD%20Vell%20de%20Salou%2C%203%2C%20Pol.%20Ind.%20Francol%C3%AD%2C%2043006%20Tarragona&amp;output=embed\" title=\"\"><\/iframe><\/div><\/div><\/div>\n<\/div>\n","protected":false},"excerpt":{"rendered":"<p>Si tiene cualquier duda o consulta puede rellenar el siguiente formulario y un especialista de nuestro equipo t\u00e9cnico se pondr\u00e1 en contacto. Si lo prefiere, tambi\u00e9n puede llamarnos al tel\u00e9fono 902 13 13 43 o enviarnos un e-mail a\u00a0info@elsade.com<\/p>\n","protected":false},"author":1,"featured_media":0,"parent":0,"menu_order":0,"comment_status":"closed","ping_status":"closed","template":"templates\/template-full.php","meta":{"_mc_calendar":[],"footnotes":""},"class_list":["post-15","page","type-page","status-publish","hentry","post"],"yoast_head":"<!-- This site is optimized with the Yoast SEO plugin v26.9 - https:\/\/yoast.com\/product\/yoast-seo-wordpress\/ -->\n<title>Informaci\u00f3n de contacto - RENT A CAR MSF - Cons\u00faltenos<\/title>\n<meta name=\"description\" content=\"RENT A CAR MSF, S.A. Cam\u00ed Vell de Salou 3, Pol. Ind. Francol\u00ed 43006 TARRAGONA. Tel\u00e9fono 977 55 11 34. E-mail info@msf.com.es. Mapa e informaci\u00f3n de contacto\" \/>\n<meta name=\"robots\" content=\"index, follow, max-snippet:-1, max-image-preview:large, max-video-preview:-1\" \/>\n<link rel=\"canonical\" href=\"https:\/\/elsade.com\/es\/contactar\/\" \/>\n<meta property=\"og:locale\" content=\"es_ES\" \/>\n<meta property=\"og:type\" content=\"article\" \/>\n<meta property=\"og:title\" content=\"Informaci\u00f3n de contacto - RENT A CAR MSF - Cons\u00faltenos\" \/>\n<meta property=\"og:description\" content=\"RENT A CAR MSF, S.A. Cam\u00ed Vell de Salou 3, Pol. Ind. Francol\u00ed 43006 TARRAGONA. Tel\u00e9fono 977 55 11 34. E-mail info@msf.com.es. Mapa e informaci\u00f3n de contacto\" \/>\n<meta property=\"og:url\" content=\"https:\/\/elsade.com\/es\/contactar\/\" \/>\n<meta property=\"og:site_name\" content=\"ELSADE MANUTENCI\u00d3\" \/>\n<meta property=\"article:modified_time\" content=\"2025-05-20T14:34:22+00:00\" \/>\n<meta name=\"twitter:card\" content=\"summary_large_image\" \/>\n<meta name=\"twitter:label1\" content=\"Tiempo de lectura\" \/>\n\t<meta name=\"twitter:data1\" content=\"1 minuto\" \/>\n<script type=\"application\/ld+json\" class=\"yoast-schema-graph\">{\"@context\":\"https:\/\/schema.org\",\"@graph\":[{\"@type\":\"WebPage\",\"@id\":\"https:\/\/elsade.com\/es\/contactar\/\",\"url\":\"https:\/\/elsade.com\/es\/contactar\/\",\"name\":\"Informaci\u00f3n de contacto - RENT A CAR MSF - Cons\u00faltenos\",\"isPartOf\":{\"@id\":\"https:\/\/elsade.com\/es\/#website\"},\"datePublished\":\"2017-08-14T09:30:06+00:00\",\"dateModified\":\"2025-05-20T14:34:22+00:00\",\"description\":\"RENT A CAR MSF, S.A. Cam\u00ed Vell de Salou 3, Pol. Ind. Francol\u00ed 43006 TARRAGONA. Tel\u00e9fono 977 55 11 34. E-mail info@msf.com.es. Mapa e informaci\u00f3n de contacto\",\"breadcrumb\":{\"@id\":\"https:\/\/elsade.com\/es\/contactar\/#breadcrumb\"},\"inLanguage\":\"es\",\"potentialAction\":[{\"@type\":\"ReadAction\",\"target\":[\"https:\/\/elsade.com\/es\/contactar\/\"]}]},{\"@type\":\"BreadcrumbList\",\"@id\":\"https:\/\/elsade.com\/es\/contactar\/#breadcrumb\",\"itemListElement\":[{\"@type\":\"ListItem\",\"position\":1,\"name\":\"Portada\",\"item\":\"https:\/\/elsade.com\/es\/\"},{\"@type\":\"ListItem\",\"position\":2,\"name\":\"Contactar\"}]},{\"@type\":\"WebSite\",\"@id\":\"https:\/\/elsade.com\/es\/#website\",\"url\":\"https:\/\/elsade.com\/es\/\",\"name\":\"ELSADE MANUTENCI\u00d3\",\"description\":\"Formaci\u00f3n, cursos \",\"potentialAction\":[{\"@type\":\"SearchAction\",\"target\":{\"@type\":\"EntryPoint\",\"urlTemplate\":\"https:\/\/elsade.com\/es\/?s={search_term_string}\"},\"query-input\":{\"@type\":\"PropertyValueSpecification\",\"valueRequired\":true,\"valueName\":\"search_term_string\"}}],\"inLanguage\":\"es\"}]}<\/script>\n<!-- \/ Yoast SEO plugin. -->","yoast_head_json":{"title":"Informaci\u00f3n de contacto - RENT A CAR MSF - Cons\u00faltenos","description":"RENT A CAR MSF, S.A. Cam\u00ed Vell de Salou 3, Pol. Ind. Francol\u00ed 43006 TARRAGONA. Tel\u00e9fono 977 55 11 34. E-mail info@msf.com.es. Mapa e informaci\u00f3n de contacto","robots":{"index":"index","follow":"follow","max-snippet":"max-snippet:-1","max-image-preview":"max-image-preview:large","max-video-preview":"max-video-preview:-1"},"canonical":"https:\/\/elsade.com\/es\/contactar\/","og_locale":"es_ES","og_type":"article","og_title":"Informaci\u00f3n de contacto - RENT A CAR MSF - Cons\u00faltenos","og_description":"RENT A CAR MSF, S.A. Cam\u00ed Vell de Salou 3, Pol. Ind. Francol\u00ed 43006 TARRAGONA. Tel\u00e9fono 977 55 11 34. E-mail info@msf.com.es. Mapa e informaci\u00f3n de contacto","og_url":"https:\/\/elsade.com\/es\/contactar\/","og_site_name":"ELSADE MANUTENCI\u00d3","article_modified_time":"2025-05-20T14:34:22+00:00","twitter_card":"summary_large_image","twitter_misc":{"Tiempo de lectura":"1 minuto"},"schema":{"@context":"https:\/\/schema.org","@graph":[{"@type":"WebPage","@id":"https:\/\/elsade.com\/es\/contactar\/","url":"https:\/\/elsade.com\/es\/contactar\/","name":"Informaci\u00f3n de contacto - RENT A CAR MSF - Cons\u00faltenos","isPartOf":{"@id":"https:\/\/elsade.com\/es\/#website"},"datePublished":"2017-08-14T09:30:06+00:00","dateModified":"2025-05-20T14:34:22+00:00","description":"RENT A CAR MSF, S.A. Cam\u00ed Vell de Salou 3, Pol. Ind. Francol\u00ed 43006 TARRAGONA. Tel\u00e9fono 977 55 11 34. E-mail info@msf.com.es. Mapa e informaci\u00f3n de contacto","breadcrumb":{"@id":"https:\/\/elsade.com\/es\/contactar\/#breadcrumb"},"inLanguage":"es","potentialAction":[{"@type":"ReadAction","target":["https:\/\/elsade.com\/es\/contactar\/"]}]},{"@type":"BreadcrumbList","@id":"https:\/\/elsade.com\/es\/contactar\/#breadcrumb","itemListElement":[{"@type":"ListItem","position":1,"name":"Portada","item":"https:\/\/elsade.com\/es\/"},{"@type":"ListItem","position":2,"name":"Contactar"}]},{"@type":"WebSite","@id":"https:\/\/elsade.com\/es\/#website","url":"https:\/\/elsade.com\/es\/","name":"ELSADE MANUTENCI\u00d3","description":"Formaci\u00f3n, cursos ","potentialAction":[{"@type":"SearchAction","target":{"@type":"EntryPoint","urlTemplate":"https:\/\/elsade.com\/es\/?s={search_term_string}"},"query-input":{"@type":"PropertyValueSpecification","valueRequired":true,"valueName":"search_term_string"}}],"inLanguage":"es"}]}},"_links":{"self":[{"href":"https:\/\/elsade.com\/es\/wp-json\/wp\/v2\/pages\/15","targetHints":{"allow":["GET"]}}],"collection":[{"href":"https:\/\/elsade.com\/es\/wp-json\/wp\/v2\/pages"}],"about":[{"href":"https:\/\/elsade.com\/es\/wp-json\/wp\/v2\/types\/page"}],"author":[{"embeddable":true,"href":"https:\/\/elsade.com\/es\/wp-json\/wp\/v2\/users\/1"}],"replies":[{"embeddable":true,"href":"https:\/\/elsade.com\/es\/wp-json\/wp\/v2\/comments?post=15"}],"version-history":[{"count":11,"href":"https:\/\/elsade.com\/es\/wp-json\/wp\/v2\/pages\/15\/revisions"}],"predecessor-version":[{"id":1587,"href":"https:\/\/elsade.com\/es\/wp-json\/wp\/v2\/pages\/15\/revisions\/1587"}],"wp:attachment":[{"href":"https:\/\/elsade.com\/es\/wp-json\/wp\/v2\/media?parent=15"}],"curies":[{"name":"wp","href":"https:\/\/api.w.org\/{rel}","templated":true}]}}