{"id":19,"date":"2017-08-14T09:31:57","date_gmt":"2017-08-14T09:31:57","guid":{"rendered":"https:\/\/elsade.com\/elsade\/es\/?page_id=19"},"modified":"2017-08-30T09:35:40","modified_gmt":"2017-08-30T09:35:40","slug":"inscripcion-cursos","status":"publish","type":"page","link":"https:\/\/elsade.com\/es\/inscripcion-cursos\/","title":{"rendered":"Inscripci\u00f3n cursos"},"content":{"rendered":"\n<div class=\"wpcf7 no-js\" id=\"wpcf7-f83-o1\" lang=\"es-ES\" dir=\"ltr\" data-wpcf7-id=\"83\">\n<div class=\"screen-reader-response\"><p role=\"status\" aria-live=\"polite\" aria-atomic=\"true\"><\/p> <ul><\/ul><\/div>\n<form action=\"\/es\/wp-json\/wp\/v2\/pages\/19#wpcf7-f83-o1\" method=\"post\" class=\"wpcf7-form init\" aria-label=\"Formulario de contacto\" novalidate=\"novalidate\" data-status=\"init\">\n<fieldset class=\"hidden-fields-container\"><input type=\"hidden\" name=\"_wpcf7\" value=\"83\" \/><input type=\"hidden\" name=\"_wpcf7_version\" value=\"6.1.5\" \/><input type=\"hidden\" name=\"_wpcf7_locale\" value=\"es_ES\" \/><input type=\"hidden\" name=\"_wpcf7_unit_tag\" value=\"wpcf7-f83-o1\" \/><input type=\"hidden\" name=\"_wpcf7_container_post\" value=\"0\" \/><input type=\"hidden\" name=\"_wpcf7_posted_data_hash\" value=\"\" \/>\n<\/fieldset>\n<div id=\"responsive-form\" class=\"clearfix\">\n\t<div class=\"form-row\">\n\t\t<div class=\"column-half\">\n\t\t\t<p>CURSO DE:<span class=\"wpcf7-form-control-wrap\" data-name=\"curs\"><span class=\"wpcf7-form-control wpcf7-checkbox wpcf7-validates-as-required wpcf7-exclusive-checkbox\"><span class=\"wpcf7-list-item first\"><input type=\"checkbox\" name=\"curs\" value=\"CARRETILLAS\" \/><span class=\"wpcf7-list-item-label\">CARRETILLAS<\/span><\/span><span class=\"wpcf7-list-item\"><input type=\"checkbox\" name=\"curs\" value=\"PLATAFORMAS\" \/><span class=\"wpcf7-list-item-label\">PLATAFORMAS<\/span><\/span><span class=\"wpcf7-list-item last\"><input type=\"checkbox\" name=\"curs\" value=\"PUENTES GR\u00daA\" \/><span class=\"wpcf7-list-item-label\">PUENTES GR\u00daA<\/span><\/span><\/span><\/span>\n\t\t\t<\/p>\n\t\t<\/div>\n\t\t<div class=\"column-half\">\n\t\t\t<p>\u00bfCON NORMA UNE? <span class=\"wpcf7-form-control-wrap\" data-name=\"normaune\"><span class=\"wpcf7-form-control wpcf7-checkbox wpcf7-validates-as-required wpcf7-exclusive-checkbox\"><span class=\"wpcf7-list-item first\"><input type=\"checkbox\" name=\"normaune\" value=\"S\u00cd\" \/><span class=\"wpcf7-list-item-label\">S\u00cd<\/span><\/span><span class=\"wpcf7-list-item last\"><input type=\"checkbox\" name=\"normaune\" value=\"NO\" \/><span class=\"wpcf7-list-item-label\">NO<\/span><\/span><\/span><\/span>\n\t\t\t<\/p>\n\t\t<\/div>\n\t<\/div>\n\t<div class=\"form-row\">\n\t\t<div class=\"column-half\">\n\t\t\t<p>Preferencia de fecha de curso*\n\t\t\t<\/p>\n\t\t\t<p><span class=\"wpcf7-form-control-wrap\" data-name=\"data-curs\"><input size=\"40\" maxlength=\"400\" class=\"wpcf7-form-control wpcf7-text wpcf7-validates-as-required\" aria-required=\"true\" aria-invalid=\"false\" value=\"\" type=\"text\" name=\"data-curs\" \/><\/span>\n\t\t\t<\/p>\n\t\t<\/div>\n\t\t<div class=\"column-half\">\n\t\t\t<p>Nombre y apellidos*\n\t\t\t<\/p>\n\t\t\t<p><span class=\"wpcf7-form-control-wrap\" data-name=\"nom\"><input size=\"40\" maxlength=\"400\" class=\"wpcf7-form-control wpcf7-text wpcf7-validates-as-required\" aria-required=\"true\" aria-invalid=\"false\" value=\"\" type=\"text\" name=\"nom\" \/><\/span>\n\t\t\t<\/p>\n\t\t<\/div>\n\t<\/div>\n\t<div class=\"form-row\">\n\t\t<div class=\"column-half\">\n\t\t\t<p>Tel\u00e9fono*\n\t\t\t<\/p>\n\t\t\t<p><span class=\"wpcf7-form-control-wrap\" data-name=\"telefon\"><input size=\"40\" maxlength=\"400\" class=\"wpcf7-form-control wpcf7-tel wpcf7-validates-as-required wpcf7-text wpcf7-validates-as-tel\" aria-required=\"true\" aria-invalid=\"false\" value=\"\" type=\"tel\" name=\"telefon\" \/><\/span>\n\t\t\t<\/p>\n\t\t<\/div>\n\t\t<div class=\"column-half\">\n\t\t\t<p>E-mail*\n\t\t\t<\/p>\n\t\t\t<p><span class=\"wpcf7-form-control-wrap\" data-name=\"email\"><input size=\"40\" maxlength=\"400\" class=\"wpcf7-form-control wpcf7-email wpcf7-validates-as-required wpcf7-text wpcf7-validates-as-email\" aria-required=\"true\" aria-invalid=\"false\" value=\"\" type=\"email\" name=\"email\" \/><\/span>\n\t\t\t<\/p>\n\t\t<\/div>\n\t<\/div>\n\t<div class=\"form-row\">\n\t\t<div class=\"column-half\">\n\t\t\t<p>Direcci\u00f3n*\n\t\t\t<\/p>\n\t\t\t<p><span class=\"wpcf7-form-control-wrap\" data-name=\"adreca\"><input size=\"40\" maxlength=\"400\" class=\"wpcf7-form-control wpcf7-text wpcf7-validates-as-required\" aria-required=\"true\" aria-invalid=\"false\" value=\"\" type=\"text\" name=\"adreca\" \/><\/span>\n\t\t\t<\/p>\n\t\t<\/div>\n\t\t<div class=\"column-half\">\n\t\t\t<p>Poblaci\u00f3n*\n\t\t\t<\/p>\n\t\t\t<p><span class=\"wpcf7-form-control-wrap\" data-name=\"poblacio\"><input size=\"40\" maxlength=\"400\" class=\"wpcf7-form-control wpcf7-text wpcf7-validates-as-required\" aria-required=\"true\" aria-invalid=\"false\" value=\"\" type=\"text\" name=\"poblacio\" \/><\/span>\n\t\t\t<\/p>\n\t\t<\/div>\n\t<\/div>\n\t<div class=\"form-row\">\n\t\t<div class=\"column-half\">\n\t\t\t<p>CP*\n\t\t\t<\/p>\n\t\t\t<p><span class=\"wpcf7-form-control-wrap\" data-name=\"CP\"><input class=\"wpcf7-form-control wpcf7-number wpcf7-validates-as-required wpcf7-validates-as-number\" aria-required=\"true\" aria-invalid=\"false\" value=\"\" type=\"number\" name=\"CP\" \/><\/span>\n\t\t\t<\/p>\n\t\t<\/div>\n\t\t<div class=\"column-half\">\n\t\t\t<p>DNI*\n\t\t\t<\/p>\n\t\t\t<p><span class=\"wpcf7-form-control-wrap\" data-name=\"DNI\"><input size=\"40\" maxlength=\"400\" class=\"wpcf7-form-control wpcf7-text wpcf7-validates-as-required\" aria-required=\"true\" aria-invalid=\"false\" value=\"\" type=\"text\" name=\"DNI\" \/><\/span>\n\t\t\t<\/p>\n\t\t<\/div>\n\t<\/div>\n\t<div class=\"form-row\">\n\t\t<div class=\"column-half\">\n\t\t\t<p>Fecha de nacimiento*\n\t\t\t<\/p>\n\t\t\t<p><span class=\"wpcf7-form-control-wrap\" data-name=\"naixement\"><input size=\"40\" maxlength=\"400\" class=\"wpcf7-form-control wpcf7-text wpcf7-validates-as-required\" aria-required=\"true\" aria-invalid=\"false\" value=\"\" type=\"text\" name=\"naixement\" \/><\/span>\n\t\t\t<\/p>\n\t\t<\/div>\n\t\t<div class=\"column-half\">\n\t\t\t<p>Carn\u00e9 de conducir y categor\u00eda*\n\t\t\t<\/p>\n\t\t\t<p><span class=\"wpcf7-form-control-wrap\" data-name=\"carnet\"><input size=\"40\" maxlength=\"400\" class=\"wpcf7-form-control wpcf7-text wpcf7-validates-as-required\" aria-required=\"true\" aria-invalid=\"false\" value=\"\" type=\"text\" name=\"carnet\" \/><\/span>\n\t\t\t<\/p>\n\t\t<\/div>\n\t<\/div>\n\t<div class=\"form-row\">\n\t\t<div class=\"column-full\">\n\t\t\t<p>Requisitos indispensables:\n\t\t\t<\/p>\n\t\t\t<p>1. Comprensi\u00f3n oral y escrita del castellano y\/o catal\u00e1n por parte del alumno.<br \/>\n2. Aprobar tanto la parte te\u00f3rica como la pr\u00e1ctica del curso.<br \/>\n3. \u00bfTiene experiencia en conducir estos equipos?<span class=\"wpcf7-form-control-wrap\" data-name=\"experiencia\"><span class=\"wpcf7-form-control wpcf7-checkbox wpcf7-validates-as-required wpcf7-exclusive-checkbox\"><span class=\"wpcf7-list-item first\"><input type=\"checkbox\" name=\"experiencia\" value=\"S\u00cd\" \/><span class=\"wpcf7-list-item-label\">S\u00cd<\/span><\/span><span class=\"wpcf7-list-item last\"><input type=\"checkbox\" name=\"experiencia\" value=\"NO\" \/><span class=\"wpcf7-list-item-label\">NO<\/span><\/span><\/span><\/span>\n\t\t\t<\/p>\n\t\t\t<p>Al final del curso el estudiante recibir\u00e1 un certificado de uso y una tarjeta de identificaci\u00f3n v\u00e1lida.\n\t\t\t<\/p>\n\t\t\t<p>Si no aprueba los ex\u00e1menes te\u00f3ricos y\/o pr\u00e1cticos, el estudiante tiene derecho a participar en un segundo curso sin coste alguno.\n\t\t\t<\/p>\n\t\t\t<p>La empresa se reserva el derecho de aplazar el curso en caso de no lograr un registro m\u00ednimo.\n\t\t\t<\/p>\n\t\t\t<p>PRECIO DE LOS CURSOS: 135\u20ac<br \/>\nPRECIOS ESPECIALES CURSOS:<br \/>\nDesempleados 104\u20ac<br \/>\nPRECIOS ESPECIALES PARA GRUPOS Y EMPRESAS: <a href=\"https:\/\/elsade.com\/es\/contactar\/\" target=\"_blank\">CONSULTAR<\/a>\n\t\t\t<\/p>\n\t\t\t<p>PR\u00c1CTICAS PERSONALIZADAS: 60\u20ac \/ hora <a href=\"https:\/\/elsade.com\/es\/contactar\/\" target=\"_blank\">CONSULTAR<\/a>\n\t\t\t<\/p>\n\t\t\t<p>PRECIO CURSOS CON NORMATIVA UNE: <a href=\"https:\/\/elsade.com\/es\/contactar\/\" target=\"_blank\">CONSULTAR<\/a>\n\t\t\t<\/p>\n\t\t\t<p>El estudiante conoce y acepta las condiciones. Una vez que recibamos el formulario de inscripci\u00f3n, nos pondremos en contacto con el e-mail o n\u00famero de tel\u00e9fono de contacto que nos ha proporcionado en el formulario para confirmar la disponibilidad de las fechas solicitadas. Posteriormente, las partes interesadas deber\u00e1n enviar el recibo de la transferencia al correo que le proporcionaremos para que se considere formalizado el registro con el recibo de este documento.\n\t\t\t<\/p>\n\t\t\t<p><input class=\"wpcf7-form-control wpcf7-submit has-spinner\" type=\"submit\" value=\"Enviar\" \/><span style=\"font-size:11px;\"><span class=\"wpcf7-form-control-wrap\" data-name=\"acceptance-805\"><span class=\"wpcf7-form-control wpcf7-acceptance\"><span class=\"wpcf7-list-item\"><input type=\"checkbox\" name=\"acceptance-805\" value=\"1\" aria-invalid=\"false\" \/><\/span><\/span><\/span> Acepto los t\u00e9rminos legals <a href=\"https:\/\/elsade.com\/es\/consentimiento-para-el-tratamiento-de-datos-personales\/\" target=\"_blank\">(Leer t\u00e9rminos)<\/a><\/span>\n\t\t\t<\/p>\n\t\t<\/div>\n\t<\/div>\n<\/div><p style=\"display: none !important;\" class=\"akismet-fields-container\" data-prefix=\"_wpcf7_ak_\"><label>&#916;<textarea name=\"_wpcf7_ak_hp_textarea\" cols=\"45\" rows=\"8\" maxlength=\"100\"><\/textarea><\/label><input type=\"hidden\" id=\"ak_js_1\" name=\"_wpcf7_ak_js\" value=\"163\"\/><script type=\"text\/javascript\">\n\/* <![CDATA[ *\/\ndocument.getElementById( \"ak_js_1\" ).setAttribute( \"value\", ( new Date() ).getTime() );\n\/* ]]> *\/\n<\/script>\n<\/p><div class=\"wpcf7-response-output\" aria-hidden=\"true\"><\/div>\n<\/form>\n<\/div>\n\n","protected":false},"excerpt":{"rendered":"","protected":false},"author":1,"featured_media":0,"parent":0,"menu_order":0,"comment_status":"closed","ping_status":"closed","template":"templates\/template-full.php","meta":{"_mc_calendar":[],"footnotes":""},"class_list":["post-19","page","type-page","status-publish","hentry","post"],"yoast_head":"<!-- This site is optimized with the Yoast SEO plugin v26.9 - https:\/\/yoast.com\/product\/yoast-seo-wordpress\/ -->\n<title>Inscripci\u00f3n cursos RENT A CAR MSF. Formaci\u00f3n t\u00e9cnica y pr\u00e1ctica<\/title>\n<meta name=\"description\" content=\"Formaci\u00f3n. Inscripci\u00f3n cursos RENT A CAR MSF: Conductor de PEMP, conductor de Carretillas elevadoras, manipulador puente gr\u00faa. Cursos t\u00e9cnicos y pr\u00e1cticos\" \/>\n<meta name=\"robots\" content=\"index, follow, max-snippet:-1, max-image-preview:large, max-video-preview:-1\" \/>\n<link rel=\"canonical\" href=\"https:\/\/elsade.com\/es\/inscripcion-cursos\/\" \/>\n<meta property=\"og:locale\" content=\"es_ES\" \/>\n<meta property=\"og:type\" content=\"article\" \/>\n<meta property=\"og:title\" content=\"Inscripci\u00f3n cursos RENT A CAR MSF. Formaci\u00f3n t\u00e9cnica y pr\u00e1ctica\" \/>\n<meta property=\"og:description\" content=\"Formaci\u00f3n. Inscripci\u00f3n cursos RENT A CAR MSF: Conductor de PEMP, conductor de Carretillas elevadoras, manipulador puente gr\u00faa. Cursos t\u00e9cnicos y pr\u00e1cticos\" \/>\n<meta property=\"og:url\" content=\"https:\/\/elsade.com\/es\/inscripcion-cursos\/\" \/>\n<meta property=\"og:site_name\" content=\"ELSADE MANUTENCI\u00d3\" \/>\n<meta property=\"article:modified_time\" content=\"2017-08-30T09:35:40+00:00\" \/>\n<meta name=\"twitter:card\" content=\"summary_large_image\" \/>\n<script type=\"application\/ld+json\" class=\"yoast-schema-graph\">{\"@context\":\"https:\/\/schema.org\",\"@graph\":[{\"@type\":\"WebPage\",\"@id\":\"https:\/\/elsade.com\/es\/inscripcion-cursos\/\",\"url\":\"https:\/\/elsade.com\/es\/inscripcion-cursos\/\",\"name\":\"Inscripci\u00f3n cursos RENT A CAR MSF. Formaci\u00f3n t\u00e9cnica y pr\u00e1ctica\",\"isPartOf\":{\"@id\":\"https:\/\/elsade.com\/es\/#website\"},\"datePublished\":\"2017-08-14T09:31:57+00:00\",\"dateModified\":\"2017-08-30T09:35:40+00:00\",\"description\":\"Formaci\u00f3n. Inscripci\u00f3n cursos RENT A CAR MSF: Conductor de PEMP, conductor de Carretillas elevadoras, manipulador puente gr\u00faa. Cursos t\u00e9cnicos y pr\u00e1cticos\",\"breadcrumb\":{\"@id\":\"https:\/\/elsade.com\/es\/inscripcion-cursos\/#breadcrumb\"},\"inLanguage\":\"es\",\"potentialAction\":[{\"@type\":\"ReadAction\",\"target\":[\"https:\/\/elsade.com\/es\/inscripcion-cursos\/\"]}]},{\"@type\":\"BreadcrumbList\",\"@id\":\"https:\/\/elsade.com\/es\/inscripcion-cursos\/#breadcrumb\",\"itemListElement\":[{\"@type\":\"ListItem\",\"position\":1,\"name\":\"Portada\",\"item\":\"https:\/\/elsade.com\/es\/\"},{\"@type\":\"ListItem\",\"position\":2,\"name\":\"Inscripci\u00f3n cursos\"}]},{\"@type\":\"WebSite\",\"@id\":\"https:\/\/elsade.com\/es\/#website\",\"url\":\"https:\/\/elsade.com\/es\/\",\"name\":\"ELSADE MANUTENCI\u00d3\",\"description\":\"Formaci\u00f3n, cursos \",\"potentialAction\":[{\"@type\":\"SearchAction\",\"target\":{\"@type\":\"EntryPoint\",\"urlTemplate\":\"https:\/\/elsade.com\/es\/?s={search_term_string}\"},\"query-input\":{\"@type\":\"PropertyValueSpecification\",\"valueRequired\":true,\"valueName\":\"search_term_string\"}}],\"inLanguage\":\"es\"}]}<\/script>\n<!-- \/ Yoast SEO plugin. -->","yoast_head_json":{"title":"Inscripci\u00f3n cursos RENT A CAR MSF. Formaci\u00f3n t\u00e9cnica y pr\u00e1ctica","description":"Formaci\u00f3n. Inscripci\u00f3n cursos RENT A CAR MSF: Conductor de PEMP, conductor de Carretillas elevadoras, manipulador puente gr\u00faa. Cursos t\u00e9cnicos y pr\u00e1cticos","robots":{"index":"index","follow":"follow","max-snippet":"max-snippet:-1","max-image-preview":"max-image-preview:large","max-video-preview":"max-video-preview:-1"},"canonical":"https:\/\/elsade.com\/es\/inscripcion-cursos\/","og_locale":"es_ES","og_type":"article","og_title":"Inscripci\u00f3n cursos RENT A CAR MSF. Formaci\u00f3n t\u00e9cnica y pr\u00e1ctica","og_description":"Formaci\u00f3n. Inscripci\u00f3n cursos RENT A CAR MSF: Conductor de PEMP, conductor de Carretillas elevadoras, manipulador puente gr\u00faa. Cursos t\u00e9cnicos y pr\u00e1cticos","og_url":"https:\/\/elsade.com\/es\/inscripcion-cursos\/","og_site_name":"ELSADE MANUTENCI\u00d3","article_modified_time":"2017-08-30T09:35:40+00:00","twitter_card":"summary_large_image","schema":{"@context":"https:\/\/schema.org","@graph":[{"@type":"WebPage","@id":"https:\/\/elsade.com\/es\/inscripcion-cursos\/","url":"https:\/\/elsade.com\/es\/inscripcion-cursos\/","name":"Inscripci\u00f3n cursos RENT A CAR MSF. Formaci\u00f3n t\u00e9cnica y pr\u00e1ctica","isPartOf":{"@id":"https:\/\/elsade.com\/es\/#website"},"datePublished":"2017-08-14T09:31:57+00:00","dateModified":"2017-08-30T09:35:40+00:00","description":"Formaci\u00f3n. Inscripci\u00f3n cursos RENT A CAR MSF: Conductor de PEMP, conductor de Carretillas elevadoras, manipulador puente gr\u00faa. Cursos t\u00e9cnicos y pr\u00e1cticos","breadcrumb":{"@id":"https:\/\/elsade.com\/es\/inscripcion-cursos\/#breadcrumb"},"inLanguage":"es","potentialAction":[{"@type":"ReadAction","target":["https:\/\/elsade.com\/es\/inscripcion-cursos\/"]}]},{"@type":"BreadcrumbList","@id":"https:\/\/elsade.com\/es\/inscripcion-cursos\/#breadcrumb","itemListElement":[{"@type":"ListItem","position":1,"name":"Portada","item":"https:\/\/elsade.com\/es\/"},{"@type":"ListItem","position":2,"name":"Inscripci\u00f3n cursos"}]},{"@type":"WebSite","@id":"https:\/\/elsade.com\/es\/#website","url":"https:\/\/elsade.com\/es\/","name":"ELSADE MANUTENCI\u00d3","description":"Formaci\u00f3n, cursos ","potentialAction":[{"@type":"SearchAction","target":{"@type":"EntryPoint","urlTemplate":"https:\/\/elsade.com\/es\/?s={search_term_string}"},"query-input":{"@type":"PropertyValueSpecification","valueRequired":true,"valueName":"search_term_string"}}],"inLanguage":"es"}]}},"_links":{"self":[{"href":"https:\/\/elsade.com\/es\/wp-json\/wp\/v2\/pages\/19","targetHints":{"allow":["GET"]}}],"collection":[{"href":"https:\/\/elsade.com\/es\/wp-json\/wp\/v2\/pages"}],"about":[{"href":"https:\/\/elsade.com\/es\/wp-json\/wp\/v2\/types\/page"}],"author":[{"embeddable":true,"href":"https:\/\/elsade.com\/es\/wp-json\/wp\/v2\/users\/1"}],"replies":[{"embeddable":true,"href":"https:\/\/elsade.com\/es\/wp-json\/wp\/v2\/comments?post=19"}],"version-history":[{"count":2,"href":"https:\/\/elsade.com\/es\/wp-json\/wp\/v2\/pages\/19\/revisions"}],"predecessor-version":[{"id":84,"href":"https:\/\/elsade.com\/es\/wp-json\/wp\/v2\/pages\/19\/revisions\/84"}],"wp:attachment":[{"href":"https:\/\/elsade.com\/es\/wp-json\/wp\/v2\/media?parent=19"}],"curies":[{"name":"wp","href":"https:\/\/api.w.org\/{rel}","templated":true}]}}