{"id":42,"date":"2017-08-14T11:34:43","date_gmt":"2017-08-14T11:34:43","guid":{"rendered":"https:\/\/elsade.com\/elsade\/es\/?page_id=42"},"modified":"2025-05-21T17:03:31","modified_gmt":"2025-05-21T17:03:31","slug":"elsade-manutencion-formacion","status":"publish","type":"page","link":"https:\/\/elsade.com\/es\/","title":{"rendered":"ELSADE MANUTENCI\u00d3N &#8211; Formaci\u00f3n"},"content":{"rendered":"<div id=\"pl-42\"  class=\"panel-layout\" ><div id=\"pg-42-0\"  class=\"panel-grid panel-no-style\" ><div id=\"pgc-42-0-0\"  class=\"panel-grid-cell\" ><div id=\"panel-42-0-0-0\" class=\"widget_text so-panel widget widget_custom_html panel-first-child\" data-index=\"0\" ><div class=\"textwidget custom-html-widget\"><p style=\"text-align: center\">\n<a href=\"\/es\/curso-manipulador-puente-grua\/\"><img loading=\"lazy\" decoding=\"async\" src=\"https:\/\/elsade.com\/wp-content\/uploads\/2025\/05\/grua-150x150-2.png\" width=\"150\" height=\"150\" sizes=\"auto, (max-width: 150px) 100vw, 150px\" title=\"Curso Conductor de Carretillas Elevadoras\" alt=\"Curso Manipulador de puente gr\u00faa\" align=\"middle\">\n<\/a><\/p>\n\n<\/div><\/div><div id=\"panel-42-0-0-1\" class=\"so-panel widget widget_text\" data-index=\"1\" >\t\t\t<div class=\"textwidget\"><\/div>\n\t\t<\/div><div id=\"panel-42-0-0-2\" class=\"so-panel widget widget_sow-button panel-last-child\" data-index=\"2\" ><div\n\t\t\t\n\t\t\tclass=\"so-widget-sow-button so-widget-sow-button-atom-87577396667a-42\"\n\t\t\t\n\t\t><div class=\"ow-button-base ow-button-align-center\"\n>\n\t\t\t<a\n\t\t\t\t\thref=\"https:\/\/elsade.com\/es\/curso-manipulador-puente-grua\/\"\n\t\t\t\t\tclass=\"sowb-button ow-icon-placement-right ow-button-hover\" \t>\n\t\t<span>\n\t\t\t<span class=\"sow-icon-fontawesome sow-fas\" data-sow-icon=\"&#xf105;\"\n\t\tstyle=\"\" \n\t\taria-hidden=\"true\"><\/span>\n\t\t\tCurso manipulador de puente gr\u00faa\t\t<\/span>\n\t\t\t<\/a>\n\t<\/div>\n<\/div><\/div><\/div><div id=\"pgc-42-0-1\"  class=\"panel-grid-cell\" ><div id=\"panel-42-0-1-0\" class=\"widget_text so-panel widget widget_custom_html panel-first-child\" data-index=\"3\" ><div class=\"textwidget custom-html-widget\"><p style=\"text-align: center\">\n<a href=\"\/es\/curso-conductor-de-carretillas-elevadoras\/\"><img loading=\"lazy\" decoding=\"async\" src=\"https:\/\/elsade.com\/wp-content\/uploads\/2025\/05\/carretilla-1.png\" width=\"150\" height=\"150\" sizes=\"auto, (max-width: 150px) 100vw, 150px\" title=\"Curso Conductor de Carretillas Elevadoras\" alt=\"Curso Conductor de Carretillas Elevadoras\" align=\"middle\">\n<\/a><\/p>\n\n\n\n<\/div><\/div><div id=\"panel-42-0-1-1\" class=\"so-panel widget widget_text\" data-index=\"4\" >\t\t\t<div class=\"textwidget\"><h3 style=\"text-align: center;\"><\/h3>\n<\/div>\n\t\t<\/div><div id=\"panel-42-0-1-2\" class=\"so-panel widget widget_sow-button panel-last-child\" data-index=\"5\" ><div\n\t\t\t\n\t\t\tclass=\"so-widget-sow-button so-widget-sow-button-atom-87577396667a-42\"\n\t\t\t\n\t\t><div class=\"ow-button-base ow-button-align-center\"\n>\n\t\t\t<a\n\t\t\t\t\thref=\"https:\/\/elsade.com\/es\/curso-conductor-de-carretillas-elevadoras\/\"\n\t\t\t\t\tclass=\"sowb-button ow-icon-placement-right ow-button-hover\" \t>\n\t\t<span>\n\t\t\t<span class=\"sow-icon-fontawesome sow-fas\" data-sow-icon=\"&#xf105;\"\n\t\tstyle=\"\" \n\t\taria-hidden=\"true\"><\/span>\n\t\t\tCurso conductor de carretillas elevadoras\t\t<\/span>\n\t\t\t<\/a>\n\t<\/div>\n<\/div><\/div><\/div><div id=\"pgc-42-0-2\"  class=\"panel-grid-cell\" ><div id=\"panel-42-0-2-0\" class=\"widget_text so-panel widget widget_custom_html panel-first-child\" data-index=\"6\" ><div class=\"textwidget custom-html-widget\"><p style=\"text-align: center\">\n<a href=\"\/es\/curso-conductor-pemp-plataforma-elevadoras-moviles-personas\/\">\t<img loading=\"lazy\" decoding=\"async\" src=\"https:\/\/elsade.com\/wp-content\/uploads\/2025\/05\/pemp-2.png\" width=\"150\" height=\"150\" sizes=\"auto, (max-width: 150px) 100vw, 150px\" title=\"Curso Conductor de PEMP\" alt=\"Curso Conductor de PEMP\"  align=\"middle\">\n<\/a><\/p>\n\n\n<\/div><\/div><div id=\"panel-42-0-2-1\" class=\"so-panel widget widget_text\" data-index=\"7\" >\t\t\t<div class=\"textwidget\"><\/div>\n\t\t<\/div><div id=\"panel-42-0-2-2\" class=\"so-panel widget widget_sow-button panel-last-child\" data-index=\"8\" ><div\n\t\t\t\n\t\t\tclass=\"so-widget-sow-button so-widget-sow-button-atom-87577396667a-42\"\n\t\t\t\n\t\t><div class=\"ow-button-base ow-button-align-center\"\n>\n\t\t\t<a\n\t\t\t\t\thref=\"https:\/\/elsade.com\/es\/curso-conductor-pemp-plataforma-elevadoras-moviles-personas\/\"\n\t\t\t\t\tclass=\"sowb-button ow-icon-placement-right ow-button-hover\" \t>\n\t\t<span>\n\t\t\t<span class=\"sow-icon-fontawesome sow-fas\" data-sow-icon=\"&#xf105;\"\n\t\tstyle=\"\" \n\t\taria-hidden=\"true\"><\/span>\n\t\t\tCurso conductor de PEMP\t\t<\/span>\n\t\t\t<\/a>\n\t<\/div>\n<\/div><\/div><\/div><\/div><div id=\"pg-42-1\"  class=\"panel-grid panel-has-style\" ><div class=\"panel-row-style panel-row-style-for-42-1\" ><div id=\"pgc-42-1-0\"  class=\"panel-grid-cell\" ><div id=\"panel-42-1-0-0\" class=\"so-panel widget widget_headline-widget panel-first-child panel-last-child\" data-index=\"9\" ><div class=\"panel-widget-style panel-widget-style-for-42-1-0-0\" >\t\t<h1>Su satisfacci\u00f3n es nuestro compromiso<\/h1>\n\t\t<div class=\"decoration\"><div class=\"decoration-inside\"><\/div><\/div>\n\t\t<h3>Cons\u00faltenos y le asesoraremos<\/h3>\n\t\t<\/div><\/div><\/div><\/div><\/div><div id=\"pg-42-2\"  class=\"panel-grid panel-no-style\" ><div id=\"pgc-42-2-0\"  class=\"panel-grid-cell\" ><div id=\"panel-42-2-0-0\" class=\"so-panel widget widget_circleicon-widget panel-first-child panel-last-child\" data-index=\"10\" >\t\t<div class=\"circle-icon-box circle-icon-position-top circle-icon-hide-box circle-icon-size-small \">\n\t\t\t\t\t\t\t<div class=\"circle-icon-wrapper\">\n\t\t\t\t\t\t\t\t\t\t<a href=\"\/es\/calendario-de-cursos\/\" class=\"link-icon\" >\t\t\t\t\t<div class=\"circle-icon icon-style-set\" style=\"background-color: #e52b2c\">\n\t\t\t\t\t\t\t\t\t\t\t\t\t<div class=\"fa fa-pencil-square-o\" ><\/div>\n\t\t\t\t\t\t\t\t\t\t\t<\/div>\n\t\t\t\t\t<\/a>\t\t\t\t<\/div>\n\t\t\t\n\t\t\t\t\t\t\t<a href=\"\/es\/calendario-de-cursos\/\" class=\"link-title\" >\n\t\t\t\t\t\t\t\t\t\t<h4 >\n\t\t\t\t\tFormaci\u00f3n\t\t\t\t<\/h4>\n\t\t\t\t\t\t\t\t\t\t<\/a>\n\t\t\t\n\t\t\t\t\t\t\t<p class=\"text\" >Nuestro equipo de profesionales tiene una gran formaci\u00f3n t\u00e9cnica que ponemos a su disposici\u00f3n a trav\u00e9s de los diferentes cursos que le podemos ofrecer en nuestras instalaciones.<\/p>\n\t\t\t\t\t\t\t\t\t\t<a\n\t\t\t\t\thref=\"\/es\/calendario-de-cursos\/\"\n\t\t\t\t\tclass=\"more-button\"\n\t\t\t\t\t\t\t\t\t\t\t\t\t\t>\n\t\t\t\t\tM\u00e1s informaci\u00f3n <i><\/i>\n\t\t\t\t<\/a>\n\t\t\t\t\t<\/div>\n\t\t<\/div><\/div><div id=\"pgc-42-2-1\"  class=\"panel-grid-cell\" ><div id=\"panel-42-2-1-0\" class=\"so-panel widget widget_circleicon-widget panel-first-child panel-last-child\" data-index=\"11\" >\t\t<div class=\"circle-icon-box circle-icon-position-top circle-icon-hide-box circle-icon-size-small \">\n\t\t\t\t\t\t\t<div class=\"circle-icon-wrapper\">\n\t\t\t\t\t\t\t\t\t\t<a href=\"\/es\/contactar\/\" class=\"link-icon\" >\t\t\t\t\t<div class=\"circle-icon icon-style-set\" style=\"background-color: #e52b2c\">\n\t\t\t\t\t\t\t\t\t\t\t\t\t<div class=\"fa fa-phone\" ><\/div>\n\t\t\t\t\t\t\t\t\t\t\t<\/div>\n\t\t\t\t\t<\/a>\t\t\t\t<\/div>\n\t\t\t\n\t\t\t\t\t\t\t<a href=\"\/es\/contactar\/\" class=\"link-title\" >\n\t\t\t\t\t\t\t\t\t\t<h4 >\n\t\t\t\t\tContactar\t\t\t\t<\/h4>\n\t\t\t\t\t\t\t\t\t\t<\/a>\n\t\t\t\n\t\t\t\t\t\t\t<p class=\"text\" >Si tienes cualquier duda o consulta que hacernos rellena el siguiente formulario y un especialista de nuestro equipo t\u00e9cnico se pondr\u00e1 en contacto r\u00e1pidamente. <br \/><br \/><\/p>\n\t\t\t\t\t\t\t\t\t\t<a\n\t\t\t\t\thref=\"\/es\/contactar\/\"\n\t\t\t\t\tclass=\"more-button\"\n\t\t\t\t\t\t\t\t\t\t\t\t\t\t>\n\t\t\t\t\tM\u00e1s informaci\u00f3n <i><\/i>\n\t\t\t\t<\/a>\n\t\t\t\t\t<\/div>\n\t\t<\/div><\/div><\/div><div id=\"pg-42-3\"  class=\"panel-grid panel-no-style\" ><div id=\"pgc-42-3-0\"  class=\"panel-grid-cell\" ><div id=\"panel-42-3-0-0\" class=\"so-panel widget panel-first-child panel-last-child\" data-index=\"12\" ><\/div><\/div><\/div><div id=\"pg-42-4\"  class=\"panel-grid panel-no-style\" ><div id=\"pgc-42-4-0\"  class=\"panel-grid-cell panel-grid-cell-empty\" ><\/div><div id=\"pgc-42-4-1\"  class=\"panel-grid-cell panel-grid-cell-empty\" ><\/div><div id=\"pgc-42-4-2\"  class=\"panel-grid-cell panel-grid-cell-mobile-last\" ><div id=\"panel-42-4-2-0\" class=\"so-panel widget widget_sow-image panel-first-child panel-last-child\" data-index=\"13\" ><div\n\t\t\t\n\t\t\tclass=\"so-widget-sow-image so-widget-sow-image-default-8b5b6f678277-42\"\n\t\t\t\n\t\t>\n<div class=\"sow-image-container\">\n\t\t<img \n\tsrc=\"https:\/\/elsade.com\/es\/wp-content\/uploads\/sites\/2\/2017\/08\/logos-oca_2-1.jpg\" width=\"828\" height=\"534\" srcset=\"https:\/\/elsade.com\/es\/wp-content\/uploads\/sites\/2\/2017\/08\/logos-oca_2-1.jpg 828w, https:\/\/elsade.com\/es\/wp-content\/uploads\/sites\/2\/2017\/08\/logos-oca_2-1-300x193.jpg 300w, https:\/\/elsade.com\/es\/wp-content\/uploads\/sites\/2\/2017\/08\/logos-oca_2-1-768x495.jpg 768w\" sizes=\"(max-width: 828px) 100vw, 828px\" alt=\"\" \t\tclass=\"so-widget-image\"\/>\n\t<\/div>\n\n<\/div><\/div><\/div><div id=\"pgc-42-4-3\"  class=\"panel-grid-cell panel-grid-cell-empty\" ><\/div><\/div><\/div>","protected":false},"excerpt":{"rendered":"<p>Curso manipulador de puente gr\u00faa Curso conductor de carretillas elevadoras Curso conductor de PEMP Su satisfacci\u00f3n es nuestro compromiso Cons\u00faltenos y le asesoraremos Formaci\u00f3n Nuestro equipo de profesionales tiene una gran formaci\u00f3n t\u00e9cnica que ponemos a su disposici\u00f3n a trav\u00e9s de los diferentes cursos que le podemos ofrecer en nuestras instalaciones. M\u00e1s informaci\u00f3n Contactar Si [&hellip;]<\/p>\n","protected":false},"author":1,"featured_media":0,"parent":0,"menu_order":0,"comment_status":"closed","ping_status":"closed","template":"home-panels.php","meta":{"_mc_calendar":[],"footnotes":""},"class_list":["post-42","page","type-page","status-publish","hentry","post"],"yoast_head":"<!-- This site is optimized with the Yoast SEO plugin v26.9 - https:\/\/yoast.com\/product\/yoast-seo-wordpress\/ -->\n<title>Alquiler de equipos y maquinaria industrial. Formaci\u00f3n - RENT A CAR MSF<\/title>\n<meta name=\"description\" content=\"El alquiler de equipos y maquinaria industrial es una opci\u00f3n flexible y eficaz para las necesidades intralog\u00edsticas de su empresa. Cursos te\u00f3rico pr\u00e1cticos\" \/>\n<meta name=\"robots\" content=\"index, follow, max-snippet:-1, max-image-preview:large, max-video-preview:-1\" \/>\n<link rel=\"canonical\" href=\"https:\/\/elsade.com\/es\/\" \/>\n<meta property=\"og:locale\" content=\"es_ES\" \/>\n<meta property=\"og:type\" content=\"article\" \/>\n<meta property=\"og:title\" content=\"Alquiler de equipos y maquinaria industrial. Formaci\u00f3n - RENT A CAR MSF\" \/>\n<meta property=\"og:description\" content=\"El alquiler de equipos y maquinaria industrial es una opci\u00f3n flexible y eficaz para las necesidades intralog\u00edsticas de su empresa. Cursos te\u00f3rico pr\u00e1cticos\" \/>\n<meta property=\"og:url\" content=\"https:\/\/elsade.com\/es\/\" \/>\n<meta property=\"og:site_name\" content=\"ELSADE MANUTENCI\u00d3\" \/>\n<meta property=\"article:modified_time\" content=\"2025-05-21T17:03:31+00:00\" \/>\n<meta name=\"twitter:card\" content=\"summary_large_image\" \/>\n<meta name=\"twitter:label1\" content=\"Tiempo de lectura\" \/>\n\t<meta name=\"twitter:data1\" content=\"2 minutos\" \/>\n<script type=\"application\/ld+json\" class=\"yoast-schema-graph\">{\"@context\":\"https:\/\/schema.org\",\"@graph\":[{\"@type\":\"WebPage\",\"@id\":\"https:\/\/elsade.com\/es\/\",\"url\":\"https:\/\/elsade.com\/es\/\",\"name\":\"Alquiler de equipos y maquinaria industrial. Formaci\u00f3n - RENT A CAR MSF\",\"isPartOf\":{\"@id\":\"https:\/\/elsade.com\/es\/#website\"},\"datePublished\":\"2017-08-14T11:34:43+00:00\",\"dateModified\":\"2025-05-21T17:03:31+00:00\",\"description\":\"El alquiler de equipos y maquinaria industrial es una opci\u00f3n flexible y eficaz para las necesidades intralog\u00edsticas de su empresa. Cursos te\u00f3rico pr\u00e1cticos\",\"breadcrumb\":{\"@id\":\"https:\/\/elsade.com\/es\/#breadcrumb\"},\"inLanguage\":\"es\",\"potentialAction\":[{\"@type\":\"ReadAction\",\"target\":[\"https:\/\/elsade.com\/es\/\"]}]},{\"@type\":\"BreadcrumbList\",\"@id\":\"https:\/\/elsade.com\/es\/#breadcrumb\",\"itemListElement\":[{\"@type\":\"ListItem\",\"position\":1,\"name\":\"Portada\",\"item\":\"https:\/\/elsade.com\/es\/\"},{\"@type\":\"ListItem\",\"position\":2,\"name\":\"ELSADE MANUTENCI\u00d3N &#8211; Formaci\u00f3n\"}]},{\"@type\":\"WebSite\",\"@id\":\"https:\/\/elsade.com\/es\/#website\",\"url\":\"https:\/\/elsade.com\/es\/\",\"name\":\"ELSADE MANUTENCI\u00d3\",\"description\":\"Formaci\u00f3n, cursos \",\"potentialAction\":[{\"@type\":\"SearchAction\",\"target\":{\"@type\":\"EntryPoint\",\"urlTemplate\":\"https:\/\/elsade.com\/es\/?s={search_term_string}\"},\"query-input\":{\"@type\":\"PropertyValueSpecification\",\"valueRequired\":true,\"valueName\":\"search_term_string\"}}],\"inLanguage\":\"es\"}]}<\/script>\n<!-- \/ Yoast SEO plugin. -->","yoast_head_json":{"title":"Alquiler de equipos y maquinaria industrial. Formaci\u00f3n - RENT A CAR MSF","description":"El alquiler de equipos y maquinaria industrial es una opci\u00f3n flexible y eficaz para las necesidades intralog\u00edsticas de su empresa. Cursos te\u00f3rico pr\u00e1cticos","robots":{"index":"index","follow":"follow","max-snippet":"max-snippet:-1","max-image-preview":"max-image-preview:large","max-video-preview":"max-video-preview:-1"},"canonical":"https:\/\/elsade.com\/es\/","og_locale":"es_ES","og_type":"article","og_title":"Alquiler de equipos y maquinaria industrial. Formaci\u00f3n - RENT A CAR MSF","og_description":"El alquiler de equipos y maquinaria industrial es una opci\u00f3n flexible y eficaz para las necesidades intralog\u00edsticas de su empresa. Cursos te\u00f3rico pr\u00e1cticos","og_url":"https:\/\/elsade.com\/es\/","og_site_name":"ELSADE MANUTENCI\u00d3","article_modified_time":"2025-05-21T17:03:31+00:00","twitter_card":"summary_large_image","twitter_misc":{"Tiempo de lectura":"2 minutos"},"schema":{"@context":"https:\/\/schema.org","@graph":[{"@type":"WebPage","@id":"https:\/\/elsade.com\/es\/","url":"https:\/\/elsade.com\/es\/","name":"Alquiler de equipos y maquinaria industrial. Formaci\u00f3n - RENT A CAR MSF","isPartOf":{"@id":"https:\/\/elsade.com\/es\/#website"},"datePublished":"2017-08-14T11:34:43+00:00","dateModified":"2025-05-21T17:03:31+00:00","description":"El alquiler de equipos y maquinaria industrial es una opci\u00f3n flexible y eficaz para las necesidades intralog\u00edsticas de su empresa. Cursos te\u00f3rico pr\u00e1cticos","breadcrumb":{"@id":"https:\/\/elsade.com\/es\/#breadcrumb"},"inLanguage":"es","potentialAction":[{"@type":"ReadAction","target":["https:\/\/elsade.com\/es\/"]}]},{"@type":"BreadcrumbList","@id":"https:\/\/elsade.com\/es\/#breadcrumb","itemListElement":[{"@type":"ListItem","position":1,"name":"Portada","item":"https:\/\/elsade.com\/es\/"},{"@type":"ListItem","position":2,"name":"ELSADE MANUTENCI\u00d3N &#8211; Formaci\u00f3n"}]},{"@type":"WebSite","@id":"https:\/\/elsade.com\/es\/#website","url":"https:\/\/elsade.com\/es\/","name":"ELSADE MANUTENCI\u00d3","description":"Formaci\u00f3n, cursos ","potentialAction":[{"@type":"SearchAction","target":{"@type":"EntryPoint","urlTemplate":"https:\/\/elsade.com\/es\/?s={search_term_string}"},"query-input":{"@type":"PropertyValueSpecification","valueRequired":true,"valueName":"search_term_string"}}],"inLanguage":"es"}]}},"_links":{"self":[{"href":"https:\/\/elsade.com\/es\/wp-json\/wp\/v2\/pages\/42","targetHints":{"allow":["GET"]}}],"collection":[{"href":"https:\/\/elsade.com\/es\/wp-json\/wp\/v2\/pages"}],"about":[{"href":"https:\/\/elsade.com\/es\/wp-json\/wp\/v2\/types\/page"}],"author":[{"embeddable":true,"href":"https:\/\/elsade.com\/es\/wp-json\/wp\/v2\/users\/1"}],"replies":[{"embeddable":true,"href":"https:\/\/elsade.com\/es\/wp-json\/wp\/v2\/comments?post=42"}],"version-history":[{"count":28,"href":"https:\/\/elsade.com\/es\/wp-json\/wp\/v2\/pages\/42\/revisions"}],"predecessor-version":[{"id":1624,"href":"https:\/\/elsade.com\/es\/wp-json\/wp\/v2\/pages\/42\/revisions\/1624"}],"wp:attachment":[{"href":"https:\/\/elsade.com\/es\/wp-json\/wp\/v2\/media?parent=42"}],"curies":[{"name":"wp","href":"https:\/\/api.w.org\/{rel}","templated":true}]}}