{"id":793,"date":"2020-01-15T09:42:44","date_gmt":"2020-01-15T09:42:44","guid":{"rendered":"https:\/\/elsade.com\/elsade\/es\/?page_id=793"},"modified":"2025-05-21T08:21:33","modified_gmt":"2025-05-21T08:21:33","slug":"curso-conductor-de-carretillas-elevadoras","status":"publish","type":"page","link":"https:\/\/elsade.com\/es\/curso-conductor-de-carretillas-elevadoras\/","title":{"rendered":"Curso Conductor de Carretillas Elevadoras"},"content":{"rendered":"<div id=\"pl-793\"  class=\"panel-layout\" ><div id=\"pg-793-0\"  class=\"panel-grid panel-no-style\" ><div id=\"pgc-793-0-0\"  class=\"panel-grid-cell\" ><div id=\"panel-793-0-0-0\" class=\"so-panel widget widget_sow-editor panel-first-child panel-last-child\" data-index=\"0\" ><div class=\"panel-widget-style panel-widget-style-for-793-0-0-0\" ><div\n\t\t\t\n\t\t\tclass=\"so-widget-sow-editor so-widget-sow-editor-base\"\n\t\t\t\n\t\t>\n<div class=\"siteorigin-widget-tinymce textwidget\">\n\t<p style=\"text-align: center; font-size: 28px; line-height: 29px;\"><strong>Curso Conductor de<br \/>\nCarretillas Elevadoras:<\/strong><\/p>\n<p style=\"text-align: center;\"><img loading=\"lazy\" decoding=\"async\" class=\"alignnone wp-image-1535 size-full\" src=\"https:\/\/elsade.com\/es\/wp-content\/uploads\/sites\/2\/2025\/05\/4CARNETS_CAST.png\" alt=\"\" width=\"832\" height=\"319\" srcset=\"https:\/\/elsade.com\/es\/wp-content\/uploads\/sites\/2\/2025\/05\/4CARNETS_CAST.png 832w, https:\/\/elsade.com\/es\/wp-content\/uploads\/sites\/2\/2025\/05\/4CARNETS_CAST-300x115.png 300w, https:\/\/elsade.com\/es\/wp-content\/uploads\/sites\/2\/2025\/05\/4CARNETS_CAST-768x294.png 768w\" sizes=\"auto, (max-width: 832px) 100vw, 832px\" \/><\/p>\n<p><div class=\"su-row\"><\/div><\/p>\n<\/div>\n<\/div><\/div><\/div><\/div><\/div><div id=\"pg-793-1\"  class=\"panel-grid panel-no-style\" ><div id=\"pgc-793-1-0\"  class=\"panel-grid-cell panel-grid-cell-empty\" ><\/div><div id=\"pgc-793-1-1\"  class=\"panel-grid-cell panel-grid-cell-mobile-last\" ><div id=\"panel-793-1-1-0\" class=\"so-panel widget widget_text panel-first-child panel-last-child\" data-index=\"1\" ><div class=\"panel-widget-style panel-widget-style-for-793-1-1-0\" >\t\t\t<div class=\"textwidget\"><div class=\"su-row\">\n<div class=\"su-column su-column-size-1-1 su-column-centered\">\n<div class=\"su-column-inner su-u-clearfix su-u-trim\">\n<table border=\"0\" cellspacing=\"0\" cellpadding=\"0\">\n<tbody>\n<tr>\n<td><\/td>\n<\/tr>\n<tr>\n<td>\n<p align=\"center\">\n<div class=\"su-spoiler su-spoiler-style-fancy su-spoiler-icon-plus su-spoiler-closed\" data-anchor=\"GRUA\" data-scroll-offset=\"0\" data-anchor-in-url=\"no\">\n<div class=\"su-spoiler-title\" tabindex=\"0\" role=\"button\"><span class=\"su-spoiler-icon\"><\/span>PROFESSIONAL VEURE CONTINGUT &gt;&gt;<\/div>\n<div class=\"su-spoiler-content su-u-clearfix su-u-trim\">\n<table border=\"1\" cellspacing=\"0\" cellpadding=\"0\">\n<tbody>\n<tr>\n<td>\n<p align=\"center\"><strong>CARACTER\u00cdSTIQUES<\/strong><\/p>\n<p align=\"center\">Teoria b\u00e0sica Pr\u00e0ctica b\u00e0sica<\/p>\n<\/td>\n<\/tr>\n<\/tbody>\n<\/table>\n<table border=\"1\" cellspacing=\"0\" cellpadding=\"0\">\n<tbody>\n<tr>\n<td>\n<p align=\"center\"><strong>CONTINGUT<\/strong><\/p>\n<p><strong> Teoria 25% del temps<\/strong><\/p>\n<ul>\n<li>&#8211; La posada en obra i la posada fora<br \/>\nde servei<\/li>\n<li>&#8211; La utilitzaci\u00f3 dels aparells d&#8217;elevaci\u00f3<br \/>\ni les normes de seguretat.<\/li>\n<li>&#8211; La manipulaci\u00f3 de materials<\/li>\n<li>&#8211; Els controls, manteniments i<br \/>\navaries<\/li>\n<\/ul>\n<p><strong>Pr\u00e0ctica 75% del temps<\/strong><\/p>\n<ul>\n<li>&#8211; Exercicis de manipulaci\u00f3<br \/>\n(elevaci\u00f3 i posat de c\u00e0rregues)<\/li>\n<li>&#8211; Exercicis d&#8217;utilitzaci\u00f3 (controls)<\/li>\n<li>&#8211; Exercicis de manteniment i<br \/>\nsituacions d&#8217;emerg\u00e8ncia<\/li>\n<\/ul>\n<\/td>\n<\/tr>\n<\/tbody>\n<\/table>\n<table border=\"1\" cellspacing=\"0\" cellpadding=\"0\">\n<tbody>\n<tr>\n<td width=\"321\">\n<p align=\"center\"><strong>QUE OBTINDR\u00c0S En ACABAR?<\/strong><\/p>\n<p align=\"center\">Certificat en compliment del RD. 1215<\/p>\n<p align=\"center\">Carnet Personalitzat<\/p>\n<\/td>\n<\/tr>\n<\/tbody>\n<\/table>\n<div class=\"su-button-center\"><a href=\"https:\/\/elsade.com\/inscripcio-cursos-elsade\/\" class=\"su-button su-button-style-glass\" style=\"color:#FFFFFF;background-color:#e52b2c;border-color:#b82324;border-radius:40px\" target=\"_blank\" rel=\"noopener noreferrer\"><span style=\"color:#FFFFFF;padding:7px 20px;font-size:16px;line-height:24px;border-color:#ed6b6c;border-radius:40px;text-shadow:none\"><i class=\"sui sui-angle-double-right\" style=\"font-size:16px;color:#FFFFFF\"><\/i> VULL INSCRIURE&#8217;M<\/span><\/a><\/div>\n<\/div>\n<\/div>\n<\/td>\n<\/tr>\n<\/tbody>\n<\/table>\n<\/div>\n<\/div>\n<\/div>\n<\/div>\n\t\t<\/div><\/div><\/div><div id=\"pgc-793-1-2\"  class=\"panel-grid-cell panel-grid-cell-empty\" ><\/div><\/div><div id=\"pg-793-2\"  class=\"panel-grid panel-no-style\" ><div id=\"pgc-793-2-0\"  class=\"panel-grid-cell\" ><div id=\"panel-793-2-0-0\" class=\"so-panel widget widget_sow-editor panel-first-child panel-last-child\" data-index=\"2\" ><div class=\"panel-widget-style panel-widget-style-for-793-2-0-0\" ><div\n\t\t\t\n\t\t\tclass=\"so-widget-sow-editor so-widget-sow-editor-base\"\n\t\t\t\n\t\t>\n<div class=\"siteorigin-widget-tinymce textwidget\">\n\t<div class=\"su-image-carousel  su-image-carousel-columns-4 su-image-carousel-has-spacing su-image-carousel-crop su-image-carousel-crop-4-3 su-image-carousel-has-outline su-image-carousel-adaptive su-image-carousel-slides-style-photo su-image-carousel-controls-style-dark su-image-carousel-align-none\" style=\"max-width:3000px\" data-flickity-options='{\"groupCells\":true,\"cellSelector\":\".su-image-carousel-item\",\"adaptiveHeight\":false,\"cellAlign\":\"left\",\"prevNextButtons\":true,\"pageDots\":true,\"autoPlay\":5000,\"imagesLoaded\":true,\"contain\":true,\"selectedAttraction\":0.025,\"friction\":0.28}' id=\"su_image_carousel_69e085894ca16\">\n<div class=\"su-image-carousel-item\">\n<div class=\"su-image-carousel-item-content\"><img loading=\"lazy\" decoding=\"async\" width=\"800\" height=\"600\" src=\"https:\/\/elsade.com\/es\/wp-content\/uploads\/sites\/2\/2019\/11\/7.jpg\" class=\"\" alt=\"\" srcset=\"https:\/\/elsade.com\/es\/wp-content\/uploads\/sites\/2\/2019\/11\/7.jpg 800w, https:\/\/elsade.com\/es\/wp-content\/uploads\/sites\/2\/2019\/11\/7-300x225.jpg 300w, https:\/\/elsade.com\/es\/wp-content\/uploads\/sites\/2\/2019\/11\/7-768x576.jpg 768w\" sizes=\"auto, (max-width: 800px) 100vw, 800px\" \/><\/div>\n<\/div>\n<div class=\"su-image-carousel-item\">\n<div class=\"su-image-carousel-item-content\"><img loading=\"lazy\" decoding=\"async\" width=\"800\" height=\"600\" src=\"https:\/\/elsade.com\/es\/wp-content\/uploads\/sites\/2\/2019\/11\/6.jpg\" class=\"\" alt=\"\" srcset=\"https:\/\/elsade.com\/es\/wp-content\/uploads\/sites\/2\/2019\/11\/6.jpg 800w, https:\/\/elsade.com\/es\/wp-content\/uploads\/sites\/2\/2019\/11\/6-300x225.jpg 300w, https:\/\/elsade.com\/es\/wp-content\/uploads\/sites\/2\/2019\/11\/6-768x576.jpg 768w\" sizes=\"auto, (max-width: 800px) 100vw, 800px\" \/><\/div>\n<\/div>\n<div class=\"su-image-carousel-item\">\n<div class=\"su-image-carousel-item-content\"><img loading=\"lazy\" decoding=\"async\" width=\"800\" height=\"600\" src=\"https:\/\/elsade.com\/es\/wp-content\/uploads\/sites\/2\/2019\/11\/5.jpg\" class=\"\" alt=\"\" srcset=\"https:\/\/elsade.com\/es\/wp-content\/uploads\/sites\/2\/2019\/11\/5.jpg 800w, https:\/\/elsade.com\/es\/wp-content\/uploads\/sites\/2\/2019\/11\/5-300x225.jpg 300w, https:\/\/elsade.com\/es\/wp-content\/uploads\/sites\/2\/2019\/11\/5-768x576.jpg 768w\" sizes=\"auto, (max-width: 800px) 100vw, 800px\" \/><\/div>\n<\/div>\n<div class=\"su-image-carousel-item\">\n<div class=\"su-image-carousel-item-content\"><img loading=\"lazy\" decoding=\"async\" width=\"800\" height=\"600\" src=\"https:\/\/elsade.com\/es\/wp-content\/uploads\/sites\/2\/2019\/11\/4.jpg\" class=\"\" alt=\"\" srcset=\"https:\/\/elsade.com\/es\/wp-content\/uploads\/sites\/2\/2019\/11\/4.jpg 800w, https:\/\/elsade.com\/es\/wp-content\/uploads\/sites\/2\/2019\/11\/4-300x225.jpg 300w, https:\/\/elsade.com\/es\/wp-content\/uploads\/sites\/2\/2019\/11\/4-768x576.jpg 768w\" sizes=\"auto, (max-width: 800px) 100vw, 800px\" \/><\/div>\n<\/div>\n<div class=\"su-image-carousel-item\">\n<div class=\"su-image-carousel-item-content\"><img loading=\"lazy\" decoding=\"async\" width=\"800\" height=\"600\" src=\"https:\/\/elsade.com\/es\/wp-content\/uploads\/sites\/2\/2019\/11\/3.jpg\" class=\"\" alt=\"\" srcset=\"https:\/\/elsade.com\/es\/wp-content\/uploads\/sites\/2\/2019\/11\/3.jpg 800w, https:\/\/elsade.com\/es\/wp-content\/uploads\/sites\/2\/2019\/11\/3-300x225.jpg 300w, https:\/\/elsade.com\/es\/wp-content\/uploads\/sites\/2\/2019\/11\/3-768x576.jpg 768w\" sizes=\"auto, (max-width: 800px) 100vw, 800px\" \/><\/div>\n<\/div>\n<div class=\"su-image-carousel-item\">\n<div class=\"su-image-carousel-item-content\"><img loading=\"lazy\" decoding=\"async\" width=\"800\" height=\"600\" src=\"https:\/\/elsade.com\/es\/wp-content\/uploads\/sites\/2\/2019\/11\/2-1.jpg\" class=\"\" alt=\"\" srcset=\"https:\/\/elsade.com\/es\/wp-content\/uploads\/sites\/2\/2019\/11\/2-1.jpg 800w, https:\/\/elsade.com\/es\/wp-content\/uploads\/sites\/2\/2019\/11\/2-1-300x225.jpg 300w, https:\/\/elsade.com\/es\/wp-content\/uploads\/sites\/2\/2019\/11\/2-1-768x576.jpg 768w\" sizes=\"auto, (max-width: 800px) 100vw, 800px\" \/><\/div>\n<\/div>\n<div class=\"su-image-carousel-item\">\n<div class=\"su-image-carousel-item-content\"><img loading=\"lazy\" decoding=\"async\" width=\"800\" height=\"600\" src=\"https:\/\/elsade.com\/es\/wp-content\/uploads\/sites\/2\/2019\/11\/1.jpg\" class=\"\" alt=\"\" srcset=\"https:\/\/elsade.com\/es\/wp-content\/uploads\/sites\/2\/2019\/11\/1.jpg 800w, https:\/\/elsade.com\/es\/wp-content\/uploads\/sites\/2\/2019\/11\/1-300x225.jpg 300w, https:\/\/elsade.com\/es\/wp-content\/uploads\/sites\/2\/2019\/11\/1-768x576.jpg 768w\" sizes=\"auto, (max-width: 800px) 100vw, 800px\" \/><\/div>\n<\/div>\n<\/div>\n<p><script id=\"su_image_carousel_69e085894ca16_script\">if(window.SUImageCarousel){setTimeout(function() {window.SUImageCarousel.initGallery(document.getElementById(\"su_image_carousel_69e085894ca16\"))}, 0);}var su_image_carousel_69e085894ca16_script=document.getElementById(\"su_image_carousel_69e085894ca16_script\");if(su_image_carousel_69e085894ca16_script){su_image_carousel_69e085894ca16_script.parentNode.removeChild(su_image_carousel_69e085894ca16_script);}<\/script><\/p>\n<p>&nbsp;<\/p>\n<\/div>\n<\/div><\/div><\/div><\/div><\/div><div id=\"pg-793-3\"  class=\"panel-grid panel-no-style\" ><div id=\"pgc-793-3-0\"  class=\"panel-grid-cell\" ><div id=\"panel-793-3-0-0\" class=\"so-panel widget widget_text panel-first-child panel-last-child\" data-index=\"3\" ><div class=\"panel-widget-style panel-widget-style-for-793-3-0-0\" >\t\t\t<div class=\"textwidget\"><div class=\"su-row\">\n<div class=\"su-column su-column-size-1-1 su-column-centered\">\n<div class=\"su-column-inner su-u-clearfix su-u-trim\">\n<div class=\"su-spoiler su-spoiler-style-fancy su-spoiler-icon-plus su-spoiler-closed\" data-anchor=\"carretons-une\" data-scroll-offset=\"0\" data-anchor-in-url=\"no\">\n<div class=\"su-spoiler-title\" tabindex=\"0\" role=\"button\"><span class=\"su-spoiler-icon\"><\/span>CURSO EXPR\u00c9S<br \/>\nVER CONTENIDO &gt;&gt;<\/div>\n<div class=\"su-spoiler-content su-u-clearfix su-u-trim\">\n<div class=\"su-button-center\"><a href=\"https:\/\/elsade.com\/es\/inscripcion-cursos-msf\/\" class=\"su-button su-button-style-glass\" style=\"color:#FFFFFF;background-color:#e52b2c;border-color:#b82324;border-radius:40px\" target=\"_blank\" rel=\"noopener noreferrer\"><span style=\"color:#FFFFFF;padding:7px 20px;font-size:16px;line-height:24px;border-color:#ed6b6c;border-radius:40px;text-shadow:none\"><i class=\"sui sui-angle-double-right\" style=\"font-size:16px;color:#FFFFFF\"><\/i> QUIERO INSCRIBIRME<\/span><\/a><\/div>\n<\/div>\n<\/div><\/div>\n<\/div>\n<\/div>\n<p>&nbsp;<\/p>\n<p>&nbsp;<\/p>\n<\/div>\n\t\t<\/div><\/div><\/div><div id=\"pgc-793-3-1\"  class=\"panel-grid-cell\" ><div id=\"panel-793-3-1-0\" class=\"so-panel widget widget_text panel-first-child panel-last-child\" data-index=\"4\" ><div class=\"panel-widget-style panel-widget-style-for-793-3-1-0\" >\t\t\t<div class=\"textwidget\"><div class=\"su-row\">\n<div class=\"su-column su-column-size-1-1 su-column-centered\">\n<div class=\"su-column-inner su-u-clearfix su-u-trim\">\n<div class=\"su-spoiler su-spoiler-style-fancy su-spoiler-icon-plus su-spoiler-closed\" data-anchor=\"carretons-une\" data-scroll-offset=\"0\" data-anchor-in-url=\"no\">\n<div class=\"su-spoiler-title\" tabindex=\"0\" role=\"button\"><span class=\"su-spoiler-icon\"><\/span>CURSO UNE<br \/>\nVER CONTENIDO &gt;&gt;<\/div>\n<div class=\"su-spoiler-content su-u-clearfix su-u-trim\">\n<table border=\"1\" cellspacing=\"0\" cellpadding=\"0\">\n<tbody>\n<tr>\n<td width=\"161\">\n<p align=\"center\"><strong>OPCI\u00d3N 1<\/strong><\/p>\n<\/td>\n<td width=\"161\">\n<p align=\"center\"><strong>OPCI\u00d3N 2<\/strong><\/p>\n<\/td>\n<\/tr>\n<tr>\n<td width=\"161\">\n<p align=\"center\">Carretilla frontal contrapesada<\/p>\n<\/td>\n<td width=\"161\">\n<p align=\"center\">Carretilla Retr\u00e1ctil<\/p>\n<\/td>\n<\/tr>\n<\/tbody>\n<\/table>\n<table border=\"1\" cellspacing=\"0\" cellpadding=\"0\">\n<tbody>\n<tr>\n<td width=\"250\">\n<p align=\"center\"><strong>CARACTER\u00cdSTICAS<\/strong><\/p>\n<\/td>\n<\/tr>\n<tr>\n<td valign=\"top\" width=\"250\">\n<p align=\"center\">Teor\u00eda espec\u00edfica seg\u00fan norma UNE<br \/>\nPr\u00e1ctica espec\u00edfica seg\u00fan norma UNE<br \/>\nPlazas limitadas<br \/>\n1h de pr\u00e1ctica por alumno<\/p>\n<\/td>\n<\/tr>\n<\/tbody>\n<\/table>\n<table border=\"1\" cellspacing=\"0\" cellpadding=\"0\">\n<tbody>\n<tr>\n<td width=\"250\">\n<p align=\"center\"><strong>CONTENIDO<\/strong><\/p>\n<p><strong> Teor\u00eda 6h<\/strong><\/p>\n<ul>\n<li>&#8211; Mentalizaci\u00f3n general sobre riesgos, accidentes y seguridad laboral<\/li>\n<li>&#8211; Conceptos b\u00e1sicos de uso habitual<\/li>\n<li>&#8211; Legislaci\u00f3n b\u00e1sica<\/li>\n<li>&#8211; S\u00edmbolos y pictogramas<\/li>\n<li>&#8211; Descripci\u00f3n general de las partes de la carretilla y de los equipos utilizados<\/li>\n<li>&#8211; Carga nominal, carga admisible, centro de cargas, altura de elevaci\u00f3n, etc.<\/li>\n<li>&#8211; Control diario de puesta en marcha<\/li>\n<li>&#8211; Mantenimiento preventivo t\u00edpico, ruedas, niveles<\/li>\n<li>&#8211; Estacionamiento de la m\u00e1quina<\/li>\n<\/ul>\n<p><strong>Pr\u00e1ctica 6h<\/strong><\/p>\n<ul>\n<li>&#8211; Conocimiento de las partes de la m\u00e1quina<\/li>\n<li>&#8211; Comprobaci\u00f3n de puesta en marcha, direcci\u00f3n, frenos, claxon, etc<\/li>\n<li>&#8211; Maniobras sin carga, desplazamiento en ambas direcciones, velocidades, giros, frenadas, etc<\/li>\n<li>&#8211; Maniobras similares con carga<\/li>\n<li>&#8211; Apilado y retirado de cargas en superficie libre<\/li>\n<li>&#8211; Colocaci\u00f3n y retirada de cargas a diferentes alturas en estanter\u00edas exteriores e interiores<\/li>\n<li>&#8211; Maniobras con accesorios, pinzas, contenedores, pescantes, etc<\/li>\n<li>&#8211; Maniobras extraordinarias, como cargas de dimensiones o caracter\u00edsticas fuera de lo normal<\/li>\n<\/ul>\n<\/td>\n<\/tr>\n<\/tbody>\n<\/table>\n<table border=\"1\" cellspacing=\"0\" cellpadding=\"0\">\n<tbody>\n<tr>\n<td width=\"321\">\n<p align=\"center\"><strong>QUE OBTENDR\u00c1S AL ACABAR?<\/strong><\/p>\n<\/td>\n<\/tr>\n<tr>\n<td valign=\"top\" width=\"321\">\n<p align=\"center\">Certificado OFICIAL en cumplimiento de la Norma UNE 58451<\/p>\n<p align=\"center\">Carnet Personalizado UNE<\/p>\n<p align=\"center\">Inscripci\u00f3n en nuestra bolsa de trabajo<\/p>\n<\/td>\n<\/tr>\n<\/tbody>\n<\/table>\n<div class=\"su-button-center\"><a href=\"https:\/\/elsade.com\/es\/inscripcion-cursos-msf\/\" class=\"su-button su-button-style-glass\" style=\"color:#FFFFFF;background-color:#e52b2c;border-color:#b82324;border-radius:40px\" target=\"_blank\" rel=\"noopener noreferrer\"><span style=\"color:#FFFFFF;padding:7px 20px;font-size:16px;line-height:24px;border-color:#ed6b6c;border-radius:40px;text-shadow:none\"><i class=\"sui sui-angle-double-right\" style=\"font-size:16px;color:#FFFFFF\"><\/i> QUIERO INSCRIBIRME<\/span><\/a><\/div>\n<\/div>\n<\/div><\/div>\n<\/div>\n<\/div>\n<p>&nbsp;<\/p>\n<p>&nbsp;<\/p>\n<\/div>\n\t\t<\/div><\/div><\/div><div id=\"pgc-793-3-2\"  class=\"panel-grid-cell\" ><div id=\"panel-793-3-2-0\" class=\"so-panel widget widget_text panel-first-child panel-last-child\" data-index=\"5\" ><div class=\"panel-widget-style panel-widget-style-for-793-3-2-0\" >\t\t\t<div class=\"textwidget\"><div class=\"su-row\">\n<div class=\"su-column su-column-size-1-1 su-column-centered\">\n<div class=\"su-column-inner su-u-clearfix su-u-trim\">\n<div class=\"su-spoiler su-spoiler-style-fancy su-spoiler-icon-plus su-spoiler-closed\" data-anchor=\"carretons-une\" data-scroll-offset=\"0\" data-anchor-in-url=\"no\">\n<div class=\"su-spoiler-title\" tabindex=\"0\" role=\"button\"><span class=\"su-spoiler-icon\"><\/span>PR\u00c1CTICAS PARTICULARES<br \/>\nVER CONTENIDO &gt;&gt;<\/div>\n<div class=\"su-spoiler-content su-u-clearfix su-u-trim\">\n<div class=\"su-button-center\"><a href=\"https:\/\/elsade.com\/es\/inscripcion-cursos-msf\/\" class=\"su-button su-button-style-glass\" style=\"color:#FFFFFF;background-color:#e52b2c;border-color:#b82324;border-radius:40px\" target=\"_blank\" rel=\"noopener noreferrer\"><span style=\"color:#FFFFFF;padding:7px 20px;font-size:16px;line-height:24px;border-color:#ed6b6c;border-radius:40px;text-shadow:none\"><i class=\"sui sui-angle-double-right\" style=\"font-size:16px;color:#FFFFFF\"><\/i> QUIERO INSCRIBIRME<\/span><\/a><\/div>\n<\/div>\n<\/div><\/div>\n<\/div>\n<\/div>\n<p>&nbsp;<\/p>\n<p>&nbsp;<\/p>\n<\/div>\n\t\t<\/div><\/div><\/div><\/div><div id=\"pg-793-4\"  class=\"panel-grid panel-no-style\" ><div id=\"pgc-793-4-0\"  class=\"panel-grid-cell\" ><div id=\"panel-793-4-0-0\" class=\"so-panel widget widget_text panel-first-child panel-last-child\" data-index=\"6\" >\t\t\t<div class=\"textwidget\"><h1 style=\"text-align: center;\"><strong>\u00bfQuieres que te llamemos?<\/strong><\/h1>\n<\/div>\n\t\t<\/div><\/div><\/div><div id=\"pg-793-5\"  class=\"panel-grid panel-has-style\" ><div class=\"panel-row-style panel-row-style-for-793-5\" ><div id=\"pgc-793-5-0\"  class=\"panel-grid-cell\" ><div id=\"panel-793-5-0-0\" class=\"so-panel widget panel-first-child panel-last-child\" data-index=\"7\" ><\/div><\/div><div id=\"pgc-793-5-1\"  class=\"panel-grid-cell\" ><div id=\"panel-793-5-1-0\" class=\"so-panel widget panel-first-child panel-last-child\" data-index=\"8\" ><\/div><\/div><div id=\"pgc-793-5-2\"  class=\"panel-grid-cell\" ><div id=\"panel-793-5-2-0\" class=\"so-panel widget panel-first-child panel-last-child\" data-index=\"9\" ><\/div><\/div><\/div><\/div><div id=\"pg-793-6\"  class=\"panel-grid panel-no-style\" ><div id=\"pgc-793-6-0\"  class=\"panel-grid-cell\" ><div id=\"panel-793-6-0-0\" class=\"so-panel widget panel-first-child\" data-index=\"10\" ><\/div><\/div><\/div><\/div>","protected":false},"excerpt":{"rendered":"<p>Curso Conductor de Carretillas Elevadoras:<\/p>\n","protected":false},"author":1,"featured_media":0,"parent":0,"menu_order":0,"comment_status":"closed","ping_status":"closed","template":"","meta":{"_mc_calendar":[],"footnotes":""},"class_list":["post-793","page","type-page","status-publish","hentry","post"],"yoast_head":"<!-- This site is optimized with the Yoast SEO plugin v26.9 - https:\/\/yoast.com\/product\/yoast-seo-wordpress\/ -->\n<title>Curso Conductor de Carretillas Elevadoras - ELSADE MANUTENCI\u00d3<\/title>\n<meta name=\"robots\" content=\"index, follow, max-snippet:-1, max-image-preview:large, max-video-preview:-1\" \/>\n<link rel=\"canonical\" href=\"https:\/\/elsade.com\/es\/curso-conductor-de-carretillas-elevadoras\/\" \/>\n<meta property=\"og:locale\" content=\"es_ES\" \/>\n<meta property=\"og:type\" content=\"article\" \/>\n<meta property=\"og:title\" content=\"Curso Conductor de Carretillas Elevadoras - ELSADE MANUTENCI\u00d3\" \/>\n<meta property=\"og:description\" content=\"Curso Conductor de Carretillas Elevadoras:\" \/>\n<meta property=\"og:url\" content=\"https:\/\/elsade.com\/es\/curso-conductor-de-carretillas-elevadoras\/\" \/>\n<meta property=\"og:site_name\" content=\"ELSADE MANUTENCI\u00d3\" \/>\n<meta property=\"article:modified_time\" content=\"2025-05-21T08:21:33+00:00\" \/>\n<meta property=\"og:image\" content=\"https:\/\/elsade.com\/es\/wp-content\/uploads\/sites\/2\/2025\/05\/4CARNETS_CAST.png\" \/>\n\t<meta property=\"og:image:width\" content=\"832\" \/>\n\t<meta property=\"og:image:height\" content=\"319\" \/>\n\t<meta property=\"og:image:type\" content=\"image\/png\" \/>\n<meta name=\"twitter:card\" content=\"summary_large_image\" \/>\n<meta name=\"twitter:label1\" content=\"Tiempo de lectura\" \/>\n\t<meta name=\"twitter:data1\" content=\"3 minutos\" \/>\n<script type=\"application\/ld+json\" class=\"yoast-schema-graph\">{\"@context\":\"https:\/\/schema.org\",\"@graph\":[{\"@type\":\"WebPage\",\"@id\":\"https:\/\/elsade.com\/es\/curso-conductor-de-carretillas-elevadoras\/\",\"url\":\"https:\/\/elsade.com\/es\/curso-conductor-de-carretillas-elevadoras\/\",\"name\":\"Curso Conductor de Carretillas Elevadoras - ELSADE MANUTENCI\u00d3\",\"isPartOf\":{\"@id\":\"https:\/\/elsade.com\/es\/#website\"},\"primaryImageOfPage\":{\"@id\":\"https:\/\/elsade.com\/es\/curso-conductor-de-carretillas-elevadoras\/#primaryimage\"},\"image\":{\"@id\":\"https:\/\/elsade.com\/es\/curso-conductor-de-carretillas-elevadoras\/#primaryimage\"},\"thumbnailUrl\":\"https:\/\/elsade.com\/es\/wp-content\/uploads\/sites\/2\/2025\/05\/4CARNETS_CAST.png\",\"datePublished\":\"2020-01-15T09:42:44+00:00\",\"dateModified\":\"2025-05-21T08:21:33+00:00\",\"breadcrumb\":{\"@id\":\"https:\/\/elsade.com\/es\/curso-conductor-de-carretillas-elevadoras\/#breadcrumb\"},\"inLanguage\":\"es\",\"potentialAction\":[{\"@type\":\"ReadAction\",\"target\":[\"https:\/\/elsade.com\/es\/curso-conductor-de-carretillas-elevadoras\/\"]}]},{\"@type\":\"ImageObject\",\"inLanguage\":\"es\",\"@id\":\"https:\/\/elsade.com\/es\/curso-conductor-de-carretillas-elevadoras\/#primaryimage\",\"url\":\"https:\/\/elsade.com\/es\/wp-content\/uploads\/sites\/2\/2025\/05\/4CARNETS_CAST.png\",\"contentUrl\":\"https:\/\/elsade.com\/es\/wp-content\/uploads\/sites\/2\/2025\/05\/4CARNETS_CAST.png\",\"width\":832,\"height\":319},{\"@type\":\"BreadcrumbList\",\"@id\":\"https:\/\/elsade.com\/es\/curso-conductor-de-carretillas-elevadoras\/#breadcrumb\",\"itemListElement\":[{\"@type\":\"ListItem\",\"position\":1,\"name\":\"Portada\",\"item\":\"https:\/\/elsade.com\/es\/\"},{\"@type\":\"ListItem\",\"position\":2,\"name\":\"Curso Conductor de Carretillas Elevadoras\"}]},{\"@type\":\"WebSite\",\"@id\":\"https:\/\/elsade.com\/es\/#website\",\"url\":\"https:\/\/elsade.com\/es\/\",\"name\":\"ELSADE MANUTENCI\u00d3\",\"description\":\"Formaci\u00f3n, cursos \",\"potentialAction\":[{\"@type\":\"SearchAction\",\"target\":{\"@type\":\"EntryPoint\",\"urlTemplate\":\"https:\/\/elsade.com\/es\/?s={search_term_string}\"},\"query-input\":{\"@type\":\"PropertyValueSpecification\",\"valueRequired\":true,\"valueName\":\"search_term_string\"}}],\"inLanguage\":\"es\"}]}<\/script>\n<!-- \/ Yoast SEO plugin. -->","yoast_head_json":{"title":"Curso Conductor de Carretillas Elevadoras - ELSADE MANUTENCI\u00d3","robots":{"index":"index","follow":"follow","max-snippet":"max-snippet:-1","max-image-preview":"max-image-preview:large","max-video-preview":"max-video-preview:-1"},"canonical":"https:\/\/elsade.com\/es\/curso-conductor-de-carretillas-elevadoras\/","og_locale":"es_ES","og_type":"article","og_title":"Curso Conductor de Carretillas Elevadoras - ELSADE MANUTENCI\u00d3","og_description":"Curso Conductor de Carretillas Elevadoras:","og_url":"https:\/\/elsade.com\/es\/curso-conductor-de-carretillas-elevadoras\/","og_site_name":"ELSADE MANUTENCI\u00d3","article_modified_time":"2025-05-21T08:21:33+00:00","og_image":[{"width":832,"height":319,"url":"https:\/\/elsade.com\/es\/wp-content\/uploads\/sites\/2\/2025\/05\/4CARNETS_CAST.png","type":"image\/png"}],"twitter_card":"summary_large_image","twitter_misc":{"Tiempo de lectura":"3 minutos"},"schema":{"@context":"https:\/\/schema.org","@graph":[{"@type":"WebPage","@id":"https:\/\/elsade.com\/es\/curso-conductor-de-carretillas-elevadoras\/","url":"https:\/\/elsade.com\/es\/curso-conductor-de-carretillas-elevadoras\/","name":"Curso Conductor de Carretillas Elevadoras - ELSADE MANUTENCI\u00d3","isPartOf":{"@id":"https:\/\/elsade.com\/es\/#website"},"primaryImageOfPage":{"@id":"https:\/\/elsade.com\/es\/curso-conductor-de-carretillas-elevadoras\/#primaryimage"},"image":{"@id":"https:\/\/elsade.com\/es\/curso-conductor-de-carretillas-elevadoras\/#primaryimage"},"thumbnailUrl":"https:\/\/elsade.com\/es\/wp-content\/uploads\/sites\/2\/2025\/05\/4CARNETS_CAST.png","datePublished":"2020-01-15T09:42:44+00:00","dateModified":"2025-05-21T08:21:33+00:00","breadcrumb":{"@id":"https:\/\/elsade.com\/es\/curso-conductor-de-carretillas-elevadoras\/#breadcrumb"},"inLanguage":"es","potentialAction":[{"@type":"ReadAction","target":["https:\/\/elsade.com\/es\/curso-conductor-de-carretillas-elevadoras\/"]}]},{"@type":"ImageObject","inLanguage":"es","@id":"https:\/\/elsade.com\/es\/curso-conductor-de-carretillas-elevadoras\/#primaryimage","url":"https:\/\/elsade.com\/es\/wp-content\/uploads\/sites\/2\/2025\/05\/4CARNETS_CAST.png","contentUrl":"https:\/\/elsade.com\/es\/wp-content\/uploads\/sites\/2\/2025\/05\/4CARNETS_CAST.png","width":832,"height":319},{"@type":"BreadcrumbList","@id":"https:\/\/elsade.com\/es\/curso-conductor-de-carretillas-elevadoras\/#breadcrumb","itemListElement":[{"@type":"ListItem","position":1,"name":"Portada","item":"https:\/\/elsade.com\/es\/"},{"@type":"ListItem","position":2,"name":"Curso Conductor de Carretillas Elevadoras"}]},{"@type":"WebSite","@id":"https:\/\/elsade.com\/es\/#website","url":"https:\/\/elsade.com\/es\/","name":"ELSADE MANUTENCI\u00d3","description":"Formaci\u00f3n, cursos ","potentialAction":[{"@type":"SearchAction","target":{"@type":"EntryPoint","urlTemplate":"https:\/\/elsade.com\/es\/?s={search_term_string}"},"query-input":{"@type":"PropertyValueSpecification","valueRequired":true,"valueName":"search_term_string"}}],"inLanguage":"es"}]}},"_links":{"self":[{"href":"https:\/\/elsade.com\/es\/wp-json\/wp\/v2\/pages\/793","targetHints":{"allow":["GET"]}}],"collection":[{"href":"https:\/\/elsade.com\/es\/wp-json\/wp\/v2\/pages"}],"about":[{"href":"https:\/\/elsade.com\/es\/wp-json\/wp\/v2\/types\/page"}],"author":[{"embeddable":true,"href":"https:\/\/elsade.com\/es\/wp-json\/wp\/v2\/users\/1"}],"replies":[{"embeddable":true,"href":"https:\/\/elsade.com\/es\/wp-json\/wp\/v2\/comments?post=793"}],"version-history":[{"count":205,"href":"https:\/\/elsade.com\/es\/wp-json\/wp\/v2\/pages\/793\/revisions"}],"predecessor-version":[{"id":1263,"href":"https:\/\/elsade.com\/es\/wp-json\/wp\/v2\/pages\/793\/revisions\/1263"}],"wp:attachment":[{"href":"https:\/\/elsade.com\/es\/wp-json\/wp\/v2\/media?parent=793"}],"curies":[{"name":"wp","href":"https:\/\/api.w.org\/{rel}","templated":true}]}}