{"id":988,"date":"2020-03-08T22:02:46","date_gmt":"2020-03-08T22:02:46","guid":{"rendered":"https:\/\/elsade.com\/elsade\/es\/?page_id=988"},"modified":"2025-05-20T18:46:16","modified_gmt":"2025-05-20T18:46:16","slug":"curso-conductor-pemp-plataforma-elevadoras-moviles-personas","status":"publish","type":"page","link":"https:\/\/elsade.com\/es\/curso-conductor-pemp-plataforma-elevadoras-moviles-personas\/","title":{"rendered":"Curso Conductor de PEMP (Plataforma elevadoras m\u00f3viles de personas)"},"content":{"rendered":"<div id=\"pl-988\"  class=\"panel-layout\" ><div id=\"pg-988-0\"  class=\"panel-grid panel-no-style\" ><div id=\"pgc-988-0-0\"  class=\"panel-grid-cell\" ><div id=\"panel-988-0-0-0\" class=\"so-panel widget widget_text panel-first-child panel-last-child\" data-index=\"0\" ><div class=\"panel-widget-style panel-widget-style-for-988-0-0-0\" >\t\t\t<div class=\"textwidget\"><p style=\"text-align: center; font-size: 28px; line-height: 29px;\"><strong>Curso Conductor de PEMP<\/strong><br \/>\n<strong> (Plataforma elevadoras m\u00f3viles de personas)<\/strong><\/p>\n<p>&nbsp;<\/p>\n<\/div>\n\t\t<\/div><\/div><\/div><\/div><div id=\"pg-988-1\"  class=\"panel-grid panel-no-style\" ><div id=\"pgc-988-1-0\"  class=\"panel-grid-cell\" ><div id=\"panel-988-1-0-0\" class=\"so-panel widget widget_text panel-first-child\" data-index=\"1\" ><div class=\"panel-widget-style panel-widget-style-for-988-1-0-0\" >\t\t\t<div class=\"textwidget\"><div class=\"su-row\">\n<div class=\"su-column su-column-size-1-1\">\n<div class=\"su-column-inner su-u-clearfix su-u-trim\">\n<table border=\"0\" cellspacing=\"0\" cellpadding=\"0\">\n<tbody>\n<tr>\n<td width=\"161\">\n<p align=\"center\"><strong style=\"font-family: inherit; font-size: inherit;\"><img loading=\"lazy\" decoding=\"async\" class=\"wp-image-327 alignnone\" src=\"https:\/\/elsade.com\/es\/wp-content\/uploads\/sites\/2\/2017\/08\/curs_plataformes1.jpg\" alt=\"\" width=\"250\" height=\"190\" srcset=\"https:\/\/elsade.com\/es\/wp-content\/uploads\/sites\/2\/2017\/08\/curs_plataformes1.jpg 321w, https:\/\/elsade.com\/es\/wp-content\/uploads\/sites\/2\/2017\/08\/curs_plataformes1-300x228.jpg 300w\" sizes=\"auto, (max-width: 250px) 100vw, 250px\" \/><\/strong><\/p>\n<\/td>\n<td width=\"161\">\n<p align=\"center\"><strong><img loading=\"lazy\" decoding=\"async\" class=\"alignnone wp-image-841\" src=\"https:\/\/elsade.com\/es\/wp-content\/uploads\/sites\/2\/2020\/01\/Curs-PEMP1.jpg\" alt=\"\" width=\"250\" height=\"190\" \/><\/strong><\/p>\n<\/td>\n<\/tr>\n<tr>\n<td width=\"161\">\n<p align=\"center\">\n<div class=\"su-spoiler su-spoiler-style-fancy su-spoiler-icon-plus su-spoiler-closed\" data-anchor=\"PEMP\" data-scroll-offset=\"0\" data-anchor-in-url=\"no\">\n<div class=\"su-spoiler-title\" tabindex=\"0\" role=\"button\"><span class=\"su-spoiler-icon\"><\/span>CURSO PROFESIONAL<br \/>\nVER CONTENIDO &gt;&gt;<\/div>\n<div class=\"su-spoiler-content su-u-clearfix su-u-trim\">\n<table border=\"1\" cellspacing=\"0\" cellpadding=\"0\">\n<tbody>\n<tr>\n<td width=\"250\">\n<p align=\"center\"><strong>CARACTER\u00cdSTICAS<\/strong><\/p>\n<p align=\"center\">Teor\u00eda b\u00e1sica<br \/>\nPr\u00e1ctica b\u00e1sica<\/p>\n<\/td>\n<\/tr>\n<\/tbody>\n<\/table>\n<table border=\"1\" cellspacing=\"0\" cellpadding=\"0\">\n<tbody>\n<tr>\n<td width=\"250\">\n<p align=\"center\"><strong>CONTENIDO<\/strong><\/p>\n<p><span style=\"text-align: center;\"><strong> Teor\u00eda 4h<\/strong><br \/>\n<\/span><\/p>\n<ul>\n<li>&#8211; Definici\u00f3n y clasificaci\u00f3n<\/li>\n<li>&#8211; Seguridad<\/li>\n<li>&#8211; Manipulaci\u00f3n<\/li>\n<\/ul>\n<p><span style=\"text-align: center;\"><strong>Pr\u00e1ctica 4h<\/strong><br \/>\n<\/span><\/p>\n<ul>\n<li>&#8211; Comprobaci\u00f3n inicial de la<br \/>\nm\u00e1quina<\/li>\n<li>&#8211; Indicadores, comandos y<br \/>\nfuncionamiento<\/li>\n<li>&#8211; Maniobrabilidad de la m\u00e1quina en<br \/>\ncircuito de pr\u00e1cticas est\u00e1ndar<\/li>\n<li>&#8211; Procedimientos adecuados para<br \/>\nestacionar la m\u00e1quina<\/li>\n<\/ul>\n<\/td>\n<\/tr>\n<\/tbody>\n<\/table>\n<table border=\"1\" cellspacing=\"0\" cellpadding=\"0\">\n<tbody>\n<tr>\n<td width=\"321\">\n<p align=\"center\"><strong>QUE OBTENDR\u00c1S AL ACABAR?<\/strong><\/p>\n<p align=\"center\">Certificado OFICIAL en cumplimiento del RD. 1215<\/p>\n<p align=\"center\">Carnet Personalizado<\/p>\n<\/td>\n<\/tr>\n<\/tbody>\n<\/table>\n<table border=\"1\" cellspacing=\"0\" cellpadding=\"0\">\n<tbody>\n<tr>\n<td valign=\"top\" width=\"321\">\n<p align=\"center\">En caso de no superar la evaluaci\u00f3n te\u00f3rica y\/o pr\u00e1ctica se dispondr\u00e1 de una segunda convocatoria adicional<\/p>\n<\/td>\n<\/tr>\n<\/tbody>\n<\/table>\n<div class=\"su-button-center\"><a href=\"https:\/\/elsade.com\/es\/curso-conductor-pemp\/\" class=\"su-button su-button-style-glass\" style=\"color:#FFFFFF;background-color:#e52b2c;border-color:#b82324;border-radius:40px\" target=\"_blank\" rel=\"noopener noreferrer\"><span style=\"color:#FFFFFF;padding:7px 20px;font-size:16px;line-height:24px;border-color:#ed6b6c;border-radius:40px;text-shadow:none\"><i class=\"sui sui-angle-double-right\" style=\"font-size:16px;color:#FFFFFF\"><\/i> QUIERO INSCRIBIRME<\/span><\/a><\/div>\n<\/div>\n<\/div>\n<\/td>\n<td width=\"161\">\n<div class=\"su-spoiler su-spoiler-style-fancy su-spoiler-icon-plus su-spoiler-closed\" data-anchor=\"PEMP-UNE\" data-scroll-offset=\"0\" data-anchor-in-url=\"no\">\n<div class=\"su-spoiler-title\" tabindex=\"0\" role=\"button\"><span class=\"su-spoiler-icon\"><\/span>CURSO UNE<br \/>\nVER CONTENIDO &gt;&gt;<\/div>\n<div class=\"su-spoiler-content su-u-clearfix su-u-trim\">\n<table border=\"1\" cellspacing=\"0\" cellpadding=\"0\">\n<tbody>\n<tr>\n<td width=\"250\">\n<p align=\"center\"><strong>CARACTER\u00cdSTICAS<\/strong><\/p>\n<p align=\"center\">Teor\u00eda especifica seg\u00fan norma UNE<br \/>\nPr\u00e1ctica especifica seg\u00fan norma UNE<br \/>\nPlazas limitadas<br \/>\n1h de pr\u00e1ctica por alumno<\/p>\n<\/td>\n<\/tr>\n<\/tbody>\n<\/table>\n<table border=\"1\" cellspacing=\"0\" cellpadding=\"0\">\n<tbody>\n<tr>\n<td width=\"250\">\n<p align=\"center\"><strong>CONTENIDO<\/strong><\/p>\n<p><span style=\"text-align: center;\"><strong> Teor\u00eda 4h<\/strong><br \/>\n<\/span><\/p>\n<ul>\n<li>&#8211;\u00a0Legislaci\u00f3n y normativa referente al uso<\/li>\n<li>&#8211;\u00a0Clasificaci\u00f3n y caracter\u00edsticas de PEMP<\/li>\n<li>&#8211;\u00a0Principales peligros y factores de riesgo<\/li>\n<li>&#8211;\u00a0Medidas de protecci\u00f3n y prevenci\u00f3n<\/li>\n<li>&#8211;\u00a0Normas de seguridad<\/li>\n<li>&#8211;\u00a0Mantenimiento<\/li>\n<\/ul>\n<p><span style=\"text-align: center;\"><strong>Pr\u00e1ctica 4h<\/strong><br \/>\n<\/span><\/p>\n<ul>\n<li>&#8211;\u00a0Componentes principales, identificaci\u00f3n y funci\u00f3n<\/li>\n<li>&#8211;\u00a0Comprobaci\u00f3n de puesta en marcha<\/li>\n<li>&#8211;\u00a0Procedimientos correctos de operaci\u00f3n de las funciones de seguridad<\/li>\n<li>&#8211;\u00a0Maniobrabilidad de la m\u00e1quina en circuito de pr\u00e1cticas avanzado<\/li>\n<li>&#8211;\u00a0Rescate y procedimientos de bajada de emergencia<\/li>\n<li>&#8211;\u00a0Procedimientos adecuados para estacionar la m\u00e1quina<\/li>\n<\/ul>\n<\/td>\n<\/tr>\n<\/tbody>\n<\/table>\n<table border=\"1\" cellspacing=\"0\" cellpadding=\"0\">\n<tbody>\n<tr>\n<td width=\"321\">\n<p align=\"center\"><strong>QUE OBTENDR\u00c1S AL ACABAR?<\/strong><\/p>\n<p align=\"center\">Certificado OFICIAL en cumplimiento del RD. UNE 58923<\/p>\n<p align=\"center\">Carnet Personalizado UNE<\/p>\n<p align=\"center\">Inscripci\u00f3n en nuestra bolsa de trabajo<\/p>\n<\/td>\n<\/tr>\n<\/tbody>\n<\/table>\n<div class=\"su-button-center\"><a href=\"https:\/\/elsade.com\/es\/curso-conductor-pemp\/\" class=\"su-button su-button-style-glass\" style=\"color:#FFFFFF;background-color:#e52b2c;border-color:#b82324;border-radius:40px\" target=\"_blank\" rel=\"noopener noreferrer\"><span style=\"color:#FFFFFF;padding:7px 20px;font-size:16px;line-height:24px;border-color:#ed6b6c;border-radius:40px;text-shadow:none\"><i class=\"sui sui-angle-double-right\" style=\"font-size:16px;color:#FFFFFF\"><\/i> QUIERO INSCRIBIRME<\/span><\/a><\/div>\n<\/div>\n<\/div>\n<\/td>\n<\/tr>\n<\/tbody>\n<\/table>\n<div style=\"float: left; margin-left: 50px;\">\n<p>&nbsp;<\/p>\n<\/div>\n<\/div><\/div>\n<\/div>\n<\/div>\n\t\t<\/div><\/div><div id=\"panel-988-1-0-1\" class=\"so-panel widget widget_text panel-last-child\" data-index=\"2\" ><div class=\"panel-widget-style panel-widget-style-for-988-1-0-1\" >\t\t\t<div class=\"textwidget\"><h1 style=\"text-align: center;\"><strong>\u00bfQuieres que te llamemos?<\/strong><\/h1>\n<\/div>\n\t\t<\/div><\/div><\/div><\/div><div id=\"pg-988-2\"  class=\"panel-grid panel-has-style\" ><div class=\"panel-row-style panel-row-style-for-988-2\" ><div id=\"pgc-988-2-0\"  class=\"panel-grid-cell\" ><div id=\"panel-988-2-0-0\" class=\"so-panel widget panel-first-child panel-last-child\" data-index=\"3\" ><\/div><\/div><div id=\"pgc-988-2-1\"  class=\"panel-grid-cell\" ><div id=\"panel-988-2-1-0\" class=\"so-panel widget panel-first-child panel-last-child\" data-index=\"4\" ><\/div><\/div><div id=\"pgc-988-2-2\"  class=\"panel-grid-cell\" ><div id=\"panel-988-2-2-0\" class=\"so-panel widget panel-first-child panel-last-child\" data-index=\"5\" ><\/div><\/div><\/div><\/div><div id=\"pg-988-3\"  class=\"panel-grid panel-no-style\" ><div id=\"pgc-988-3-0\"  class=\"panel-grid-cell\" ><div id=\"panel-988-3-0-0\" class=\"so-panel widget panel-first-child panel-last-child\" data-index=\"6\" ><\/div><\/div><\/div><\/div>","protected":false},"excerpt":{"rendered":"<p>Curso Conductor de PEMP (Plataforma elevadoras m\u00f3viles de personas) &nbsp; \u00bfQuieres que te llamemos?<\/p>\n","protected":false},"author":1,"featured_media":0,"parent":0,"menu_order":0,"comment_status":"closed","ping_status":"closed","template":"","meta":{"_mc_calendar":[],"footnotes":""},"class_list":["post-988","page","type-page","status-publish","hentry","post"],"yoast_head":"<!-- This site is optimized with the Yoast SEO plugin v26.9 - https:\/\/yoast.com\/product\/yoast-seo-wordpress\/ -->\n<title>Curso Conductor de PEMP (Plataforma elevadoras m\u00f3viles de personas) - ELSADE MANUTENCI\u00d3<\/title>\n<meta name=\"description\" content=\"Curso de conductor PEMP (Plataformas elevadoras m\u00f3viles de personas)\" \/>\n<meta name=\"robots\" content=\"index, follow, max-snippet:-1, max-image-preview:large, max-video-preview:-1\" \/>\n<link rel=\"canonical\" href=\"https:\/\/elsade.com\/es\/curso-conductor-pemp-plataforma-elevadoras-moviles-personas\/\" \/>\n<meta property=\"og:locale\" content=\"es_ES\" \/>\n<meta property=\"og:type\" content=\"article\" \/>\n<meta property=\"og:title\" content=\"Curso Conductor de PEMP (Plataforma elevadoras m\u00f3viles de personas) - ELSADE MANUTENCI\u00d3\" \/>\n<meta property=\"og:description\" content=\"Curso de conductor PEMP (Plataformas elevadoras m\u00f3viles de personas)\" \/>\n<meta property=\"og:url\" content=\"https:\/\/elsade.com\/es\/curso-conductor-pemp-plataforma-elevadoras-moviles-personas\/\" \/>\n<meta property=\"og:site_name\" content=\"ELSADE MANUTENCI\u00d3\" \/>\n<meta property=\"article:modified_time\" content=\"2025-05-20T18:46:16+00:00\" \/>\n<meta property=\"og:image\" content=\"https:\/\/elsade.com\/es\/wp-content\/uploads\/sites\/2\/2017\/08\/curs_plataformes1.jpg\" \/>\n\t<meta property=\"og:image:width\" content=\"321\" \/>\n\t<meta property=\"og:image:height\" content=\"244\" \/>\n\t<meta property=\"og:image:type\" content=\"image\/jpeg\" \/>\n<meta name=\"twitter:card\" content=\"summary_large_image\" \/>\n<meta name=\"twitter:label1\" content=\"Tiempo de lectura\" \/>\n\t<meta name=\"twitter:data1\" content=\"2 minutos\" \/>\n<script type=\"application\/ld+json\" class=\"yoast-schema-graph\">{\"@context\":\"https:\/\/schema.org\",\"@graph\":[{\"@type\":\"WebPage\",\"@id\":\"https:\/\/elsade.com\/es\/curso-conductor-pemp-plataforma-elevadoras-moviles-personas\/\",\"url\":\"https:\/\/elsade.com\/es\/curso-conductor-pemp-plataforma-elevadoras-moviles-personas\/\",\"name\":\"Curso Conductor de PEMP (Plataforma elevadoras m\u00f3viles de personas) - ELSADE MANUTENCI\u00d3\",\"isPartOf\":{\"@id\":\"https:\/\/elsade.com\/es\/#website\"},\"primaryImageOfPage\":{\"@id\":\"https:\/\/elsade.com\/es\/curso-conductor-pemp-plataforma-elevadoras-moviles-personas\/#primaryimage\"},\"image\":{\"@id\":\"https:\/\/elsade.com\/es\/curso-conductor-pemp-plataforma-elevadoras-moviles-personas\/#primaryimage\"},\"thumbnailUrl\":\"https:\/\/elsade.com\/es\/wp-content\/uploads\/sites\/2\/2017\/08\/curs_plataformes1.jpg\",\"datePublished\":\"2020-03-08T22:02:46+00:00\",\"dateModified\":\"2025-05-20T18:46:16+00:00\",\"description\":\"Curso de conductor PEMP (Plataformas elevadoras m\u00f3viles de personas)\",\"breadcrumb\":{\"@id\":\"https:\/\/elsade.com\/es\/curso-conductor-pemp-plataforma-elevadoras-moviles-personas\/#breadcrumb\"},\"inLanguage\":\"es\",\"potentialAction\":[{\"@type\":\"ReadAction\",\"target\":[\"https:\/\/elsade.com\/es\/curso-conductor-pemp-plataforma-elevadoras-moviles-personas\/\"]}]},{\"@type\":\"ImageObject\",\"inLanguage\":\"es\",\"@id\":\"https:\/\/elsade.com\/es\/curso-conductor-pemp-plataforma-elevadoras-moviles-personas\/#primaryimage\",\"url\":\"https:\/\/elsade.com\/es\/wp-content\/uploads\/sites\/2\/2017\/08\/curs_plataformes1.jpg\",\"contentUrl\":\"https:\/\/elsade.com\/es\/wp-content\/uploads\/sites\/2\/2017\/08\/curs_plataformes1.jpg\",\"width\":321,\"height\":244},{\"@type\":\"BreadcrumbList\",\"@id\":\"https:\/\/elsade.com\/es\/curso-conductor-pemp-plataforma-elevadoras-moviles-personas\/#breadcrumb\",\"itemListElement\":[{\"@type\":\"ListItem\",\"position\":1,\"name\":\"Portada\",\"item\":\"https:\/\/elsade.com\/es\/\"},{\"@type\":\"ListItem\",\"position\":2,\"name\":\"Curso Conductor de PEMP (Plataforma elevadoras m\u00f3viles de personas)\"}]},{\"@type\":\"WebSite\",\"@id\":\"https:\/\/elsade.com\/es\/#website\",\"url\":\"https:\/\/elsade.com\/es\/\",\"name\":\"ELSADE MANUTENCI\u00d3\",\"description\":\"Formaci\u00f3n, cursos \",\"potentialAction\":[{\"@type\":\"SearchAction\",\"target\":{\"@type\":\"EntryPoint\",\"urlTemplate\":\"https:\/\/elsade.com\/es\/?s={search_term_string}\"},\"query-input\":{\"@type\":\"PropertyValueSpecification\",\"valueRequired\":true,\"valueName\":\"search_term_string\"}}],\"inLanguage\":\"es\"}]}<\/script>\n<!-- \/ Yoast SEO plugin. -->","yoast_head_json":{"title":"Curso Conductor de PEMP (Plataforma elevadoras m\u00f3viles de personas) - ELSADE MANUTENCI\u00d3","description":"Curso de conductor PEMP (Plataformas elevadoras m\u00f3viles de personas)","robots":{"index":"index","follow":"follow","max-snippet":"max-snippet:-1","max-image-preview":"max-image-preview:large","max-video-preview":"max-video-preview:-1"},"canonical":"https:\/\/elsade.com\/es\/curso-conductor-pemp-plataforma-elevadoras-moviles-personas\/","og_locale":"es_ES","og_type":"article","og_title":"Curso Conductor de PEMP (Plataforma elevadoras m\u00f3viles de personas) - ELSADE MANUTENCI\u00d3","og_description":"Curso de conductor PEMP (Plataformas elevadoras m\u00f3viles de personas)","og_url":"https:\/\/elsade.com\/es\/curso-conductor-pemp-plataforma-elevadoras-moviles-personas\/","og_site_name":"ELSADE MANUTENCI\u00d3","article_modified_time":"2025-05-20T18:46:16+00:00","og_image":[{"width":321,"height":244,"url":"https:\/\/elsade.com\/es\/wp-content\/uploads\/sites\/2\/2017\/08\/curs_plataformes1.jpg","type":"image\/jpeg"}],"twitter_card":"summary_large_image","twitter_misc":{"Tiempo de lectura":"2 minutos"},"schema":{"@context":"https:\/\/schema.org","@graph":[{"@type":"WebPage","@id":"https:\/\/elsade.com\/es\/curso-conductor-pemp-plataforma-elevadoras-moviles-personas\/","url":"https:\/\/elsade.com\/es\/curso-conductor-pemp-plataforma-elevadoras-moviles-personas\/","name":"Curso Conductor de PEMP (Plataforma elevadoras m\u00f3viles de personas) - ELSADE MANUTENCI\u00d3","isPartOf":{"@id":"https:\/\/elsade.com\/es\/#website"},"primaryImageOfPage":{"@id":"https:\/\/elsade.com\/es\/curso-conductor-pemp-plataforma-elevadoras-moviles-personas\/#primaryimage"},"image":{"@id":"https:\/\/elsade.com\/es\/curso-conductor-pemp-plataforma-elevadoras-moviles-personas\/#primaryimage"},"thumbnailUrl":"https:\/\/elsade.com\/es\/wp-content\/uploads\/sites\/2\/2017\/08\/curs_plataformes1.jpg","datePublished":"2020-03-08T22:02:46+00:00","dateModified":"2025-05-20T18:46:16+00:00","description":"Curso de conductor PEMP (Plataformas elevadoras m\u00f3viles de personas)","breadcrumb":{"@id":"https:\/\/elsade.com\/es\/curso-conductor-pemp-plataforma-elevadoras-moviles-personas\/#breadcrumb"},"inLanguage":"es","potentialAction":[{"@type":"ReadAction","target":["https:\/\/elsade.com\/es\/curso-conductor-pemp-plataforma-elevadoras-moviles-personas\/"]}]},{"@type":"ImageObject","inLanguage":"es","@id":"https:\/\/elsade.com\/es\/curso-conductor-pemp-plataforma-elevadoras-moviles-personas\/#primaryimage","url":"https:\/\/elsade.com\/es\/wp-content\/uploads\/sites\/2\/2017\/08\/curs_plataformes1.jpg","contentUrl":"https:\/\/elsade.com\/es\/wp-content\/uploads\/sites\/2\/2017\/08\/curs_plataformes1.jpg","width":321,"height":244},{"@type":"BreadcrumbList","@id":"https:\/\/elsade.com\/es\/curso-conductor-pemp-plataforma-elevadoras-moviles-personas\/#breadcrumb","itemListElement":[{"@type":"ListItem","position":1,"name":"Portada","item":"https:\/\/elsade.com\/es\/"},{"@type":"ListItem","position":2,"name":"Curso Conductor de PEMP (Plataforma elevadoras m\u00f3viles de personas)"}]},{"@type":"WebSite","@id":"https:\/\/elsade.com\/es\/#website","url":"https:\/\/elsade.com\/es\/","name":"ELSADE MANUTENCI\u00d3","description":"Formaci\u00f3n, cursos ","potentialAction":[{"@type":"SearchAction","target":{"@type":"EntryPoint","urlTemplate":"https:\/\/elsade.com\/es\/?s={search_term_string}"},"query-input":{"@type":"PropertyValueSpecification","valueRequired":true,"valueName":"search_term_string"}}],"inLanguage":"es"}]}},"_links":{"self":[{"href":"https:\/\/elsade.com\/es\/wp-json\/wp\/v2\/pages\/988","targetHints":{"allow":["GET"]}}],"collection":[{"href":"https:\/\/elsade.com\/es\/wp-json\/wp\/v2\/pages"}],"about":[{"href":"https:\/\/elsade.com\/es\/wp-json\/wp\/v2\/types\/page"}],"author":[{"embeddable":true,"href":"https:\/\/elsade.com\/es\/wp-json\/wp\/v2\/users\/1"}],"replies":[{"embeddable":true,"href":"https:\/\/elsade.com\/es\/wp-json\/wp\/v2\/comments?post=988"}],"version-history":[{"count":42,"href":"https:\/\/elsade.com\/es\/wp-json\/wp\/v2\/pages\/988\/revisions"}],"predecessor-version":[{"id":1544,"href":"https:\/\/elsade.com\/es\/wp-json\/wp\/v2\/pages\/988\/revisions\/1544"}],"wp:attachment":[{"href":"https:\/\/elsade.com\/es\/wp-json\/wp\/v2\/media?parent=988"}],"curies":[{"name":"wp","href":"https:\/\/api.w.org\/{rel}","templated":true}]}}